
{"id":2233,"date":"2023-08-10T11:04:16","date_gmt":"2023-08-10T11:04:16","guid":{"rendered":"https:\/\/themeholy.com\/wordpress\/logistik\/?page_id=2220"},"modified":"2023-12-19T21:43:48","modified_gmt":"2023-12-19T20:43:48","slug":"warehouse","status":"publish","type":"page","link":"https:\/\/cyfworldcargo.com\/zh\/warehouse\/","title":{"rendered":"\u4ed3\u5e93"},"content":{"rendered":"<div data-elementor-type=\"wp-page\" data-elementor-id=\"2233\" class=\"elementor elementor-2233\">\n\t\t\t\t\t\t\t\t\t<section class=\"elementor-section elementor-top-section elementor-element elementor-element-20e271f8 elementor-section-full_width elementor-section-height-default elementor-section-height-default\" data-id=\"20e271f8\" data-element_type=\"section\">\n\t\t\t\t\t\t<div class=\"elementor-container elementor-column-gap-no\">\n\t\t\t\t\t<div class=\"elementor-column elementor-col-100 elementor-top-column elementor-element elementor-element-4bd3e11f\" data-id=\"4bd3e11f\" data-element_type=\"column\">\n\t\t\t<div class=\"elementor-widget-wrap elementor-element-populated\">\n\t\t\t\t\t\t\t\t<div class=\"elementor-element elementor-element-7b1afdc8 elementor-widget elementor-widget-logistikbanner\" data-id=\"7b1afdc8\" data-element_type=\"widget\" data-widget_type=\"logistikbanner.default\">\n\t\t\t\t<div class=\"elementor-widget-container\">\n\t\t\t\t\t\t<div class=\"themeholy hero-6 overflow-hidden\" id=\"hero\" data-bg-src=\"https:\/\/themeholy.com\/wordpress\/logistik\/wp-content\/uploads\/2023\/08\/hero_bg_1.jpg\">\r\n\t\t\t<div class=\"hero-slider-3 themeholy-carousel\" data-fade=\"true\" data-slide-show=\"1\" data-md-slide-show=\"1\">\r\n\t\t\t\t\t\t\t\t\t<div class=\"themeholy-hero-slide\">\r\n\t\t\t\t\t\t<div class=\"container\">\r\n\t\t\t\t\t\t\t<div class=\"row align-items-center\">\r\n\t\t\t\t\t\t\t\t<div class=\"col-lg-7\">\r\n\t\t\t\t\t\t\t\t\t<div class=\"hero-style6\">\r\n\t\t\t\t\t\t\t\t\t\t<span class=\"hero-subtitle th-sub\" data-ani=\"slideindown\" data-ani-delay=\"0.1s\">\r\n\t\t\t\t\t\t\t\t\t\t\t<img decoding=\"async\" src=\"https:\/\/themeholy.com\/wordpress\/logistik\/wp-content\/uploads\/2023\/08\/title_left-1.svg\" alt=\"title_left 1\"  \/>\t\t\t\t\t\t\t\t\t\t\t\u4ed3\u5e93\t\t\t\t\t\t\t\t\t\t<\/span>\r\n\t\t\t\t\t\t\t\t\t\t<h1 class=\"hero-title th-title\" data-ani=\"slideindown\" data-ani-delay=\"0.2s\">\u4f60\u6700\u597d\u7684\u4f9b\u5e94\u5546\u5e97<\/h1>\r\n\t\t\t\t\t\t\t\t\t\t\t\t\t\t\t\t\t\t\t\t\t<div class=\"btn-group mt-30\" data-ani=\"slideindown\" data-ani-delay=\"0.3s\">\r\n\t\t\t\t\t\t\t\t\t\t\t\t<a href=\"https:\/\/cyfworldcargo.com\/zh\/contacto\/\" class=\"themeholy-btn blue-btn th_btn\">\u63a5\u89e6<i class=\"fa-solid fa-arrow-right ms-2\"><\/i><\/a>\r\n\t\t\t\t\t\t\t\t\t\t\t<\/div>\r\n\t\t\t\t\t\t\t\t\t\t\t\t\t\t\t\t\t\t\t<\/div>\r\n\t\t\t\t\t\t\t\t<\/div>\r\n\t\t\t\t\t\t\t\t<div class=\"col-lg-5\">\r\n\t\t\t\t\t\t\t\t\t<div class=\"themeholy-hero-img\" data-ani=\"slideinup\" data-ani-delay=\"0.9s\">\r\n\t\t\t\t\t\t\t\t\t\t<img decoding=\"async\" src=\"https:\/\/themeholy.com\/wordpress\/logistik\/wp-content\/uploads\/2023\/08\/hero_bg_1.png\" alt=\"hero_bg_1\"  \/>\t\t\t\t\t\t\t\t\t<\/div>\r\n\t\t\t\t\t\t\t\t<\/div>\r\n\t\t\t\t\t\t\t<\/div>\r\n\t\t\t\t\t\t<\/div>\r\n\t\t\t\t\t<\/div>\r\n\t\t\t\t\t\t\t<\/div>\r\n\t\t<\/div>\r\n\r\n\t\t\t<\/div>\n\t\t\t\t<\/div>\n\t\t\t\t\t<\/div>\n\t\t<\/div>\n\t\t\t\t\t\t\t<\/div>\n\t\t<\/section>\n\t\t\t\t<section class=\"elementor-section elementor-top-section elementor-element elementor-element-399b1164 elementor-section-boxed elementor-section-height-default elementor-section-height-default\" data-id=\"399b1164\" data-element_type=\"section\" data-settings=\"{&quot;background_background&quot;:&quot;classic&quot;}\">\n\t\t\t\t\t\t<div class=\"elementor-container elementor-column-gap-no\">\n\t\t\t\t\t<div class=\"elementor-column elementor-col-100 elementor-top-column elementor-element elementor-element-6b3d4d93\" data-id=\"6b3d4d93\" data-element_type=\"column\">\n\t\t\t<div class=\"elementor-widget-wrap elementor-element-populated\">\n\t\t\t\t\t\t\t\t<div class=\"elementor-element elementor-element-5ad49408 elementor-widget elementor-widget-logistiksectiontitle\" data-id=\"5ad49408\" data-element_type=\"widget\" data-widget_type=\"logistiksectiontitle.default\">\n\t\t\t\t<div class=\"elementor-widget-container\">\n\t\t\t\t\t<div class=\"title-area\">\r\n\t\t\t\t \t\t\t<span class=\"sub-title th-sub\">\r\n\t\t\t\t\t<img decoding=\"async\" src=\"https:\/\/themeholy.com\/wordpress\/logistik\/wp-content\/uploads\/2023\/08\/title_left.svg\" alt=\"title_left\"  \/>\u6211\u4eec\u7684\u670d\u52a1\r\n\t \t\t\t<\/span>\r\n \t\t\t\t\t\t\r\n\t\t\t<h2 class=\"sec-title th-title\">\u7269\u6d41\u670d\u52a1\u7684\u4e13\u5bb6<\/h2>\t\t<\/div>\r\n\r\n\t\t\t<\/div>\n\t\t\t\t<\/div>\n\t\t\t\t<div class=\"elementor-element elementor-element-50dd7a2d elementor-widget elementor-widget-logistikservice\" data-id=\"50dd7a2d\" data-element_type=\"widget\" data-widget_type=\"logistikservice.default\">\n\t\t\t\t<div class=\"elementor-widget-container\">\n\t\t\t\r\n        \t\t\t<div class=\"row slider-shadow themeholy-carousel arrow-wrap\" data-slide-show=\"4\" data-xl-slide-show=\"3\" data-lg-slide-show=\"2\" data-md-slide-show=\"2\" data-sm-slide-show=\"1\" data-xs-slide-show=\"1\" data-arrows=\"true\">\r\n\t\t\t\t\t\t\t\t\t<div class=\"col-md-6 col-lg-6 col-xl-4\">\r\n\t\t\t\t\t\t<div class=\"service-item style2 th-wrap\">\r\n\t\t\t\t\t\t\t<div class=\"service-item_img\">\r\n\t\t\t\t\t\t\t\t<img decoding=\"async\" src=\"https:\/\/themeholy.com\/wordpress\/logistik\/wp-content\/uploads\/2023\/08\/service_1_1.jpg\" alt=\"service_1_1\"  \/>\t\t\t\t\t\t\t<\/div>\r\n\t\t\t\t\t\t\t<div class=\"service-item_content\">\r\n\t\t\t\t\t\t\t\t\t\t\t\t\t\t\t\t\t<div class=\"service-icon\">\r\n\t\t\t\t\t\t\t\t\t\t<img decoding=\"async\" src=\"https:\/\/themeholy.com\/wordpress\/logistik\/wp-content\/uploads\/2023\/08\/service_1_1.svg\" alt=\"service_1_1\"  \/>\t\t\t\t\t\t\t\t\t<\/div>\r\n\t\t\t\t\t\t\t\t\t\t\t\t\t\t\t\t<h3 class=\"box-title th-title\"><a href=\"\">\u806a\u660e\u7684\u50a8\u5b58<\/a><\/h3>\r\n\t\t\t\t\t\t\t\t<a href=\"\" class=\"line-btn\"><\/a>\r\n\t\t\t\t\t\t\t<\/div>\r\n\t\t\t\t\t\t\t<div class=\"service-item_info\">\r\n\t\t\t\t\t\t\t\t\t\t\t\t\t\t\t\t\t<div class=\"service-icon\">\r\n\t\t\t\t\t\t\t\t\t\t<img decoding=\"async\" src=\"https:\/\/themeholy.com\/wordpress\/logistik\/wp-content\/uploads\/2023\/08\/service_1_1.svg\" alt=\"service_1_1\"  \/>\t\t\t\t\t\t\t\t\t<\/div>\r\n\t\t\t\t\t\t\t\t\t\t\t\t\t\t\t\t<h3 class=\"box-title th-title\"><a href=\"\">\u806a\u660e\u7684\u50a8\u5b58<\/a><\/h3>\r\n\t\t\t\t\t\t\t\t<p class=\"service-item_text th-desc\">\u806a\u660e\u7684\u50a8\u5b58\uff0c\u4f18\u5316\u7269\u6d41\u901a\u7684\u81ea\u52a8\u5316\n<\/p>\r\n\t\t\t\t\t\t\t\t<a href=\"\" class=\"line-btn\"><\/a>\r\n\t\t\t\t\t\t\t\t<h3 class=\"service-item_number\">01<\/h3>\r\n\t\t\t\t\t\t\t<\/div>\r\n\t\t\t\t\t\t<\/div>\r\n\t\t\t\t\t<\/div>\r\n\t\t\t\t\t\t\t\t\t<div class=\"col-md-6 col-lg-6 col-xl-4\">\r\n\t\t\t\t\t\t<div class=\"service-item style2 th-wrap\">\r\n\t\t\t\t\t\t\t<div class=\"service-item_img\">\r\n\t\t\t\t\t\t\t\t<img decoding=\"async\" src=\"https:\/\/themeholy.com\/wordpress\/logistik\/wp-content\/uploads\/2023\/08\/service_1_2.jpg\" alt=\"service_1_2\"  \/>\t\t\t\t\t\t\t<\/div>\r\n\t\t\t\t\t\t\t<div class=\"service-item_content\">\r\n\t\t\t\t\t\t\t\t\t\t\t\t\t\t\t\t\t<div class=\"service-icon\">\r\n\t\t\t\t\t\t\t\t\t\t<img decoding=\"async\" src=\"https:\/\/themeholy.com\/wordpress\/logistik\/wp-content\/uploads\/2023\/08\/service_1_2.svg\" alt=\"service_1_2\"  \/>\t\t\t\t\t\t\t\t\t<\/div>\r\n\t\t\t\t\t\t\t\t\t\t\t\t\t\t\t\t<h3 class=\"box-title th-title\"><a href=\"\">\u73b0\u4ee3\u5316\u7684\u8bbe\u5907<\/a><\/h3>\r\n\t\t\t\t\t\t\t\t<a href=\"\" class=\"line-btn\"><\/a>\r\n\t\t\t\t\t\t\t<\/div>\r\n\t\t\t\t\t\t\t<div class=\"service-item_info\">\r\n\t\t\t\t\t\t\t\t\t\t\t\t\t\t\t\t\t<div class=\"service-icon\">\r\n\t\t\t\t\t\t\t\t\t\t<img decoding=\"async\" src=\"https:\/\/themeholy.com\/wordpress\/logistik\/wp-content\/uploads\/2023\/08\/service_1_2.svg\" alt=\"service_1_2\"  \/>\t\t\t\t\t\t\t\t\t<\/div>\r\n\t\t\t\t\t\t\t\t\t\t\t\t\t\t\t\t<h3 class=\"box-title th-title\"><a href=\"\">\u73b0\u4ee3\u5316\u7684\u8bbe\u5907<\/a><\/h3>\r\n\t\t\t\t\t\t\t\t<p class=\"service-item_text th-desc\">\u73b0\u4ee3\u8bbe\u5907\u7684\u4f7f\u7528\u5148\u8fdb\u6280\u672f\uff0c\u4ee5\u6539\u5584\u3002<\/p>\r\n\t\t\t\t\t\t\t\t<a href=\"\" class=\"line-btn\"><\/a>\r\n\t\t\t\t\t\t\t\t<h3 class=\"service-item_number\">02<\/h3>\r\n\t\t\t\t\t\t\t<\/div>\r\n\t\t\t\t\t\t<\/div>\r\n\t\t\t\t\t<\/div>\r\n\t\t\t\t\t\t\t\t\t<div class=\"col-md-6 col-lg-6 col-xl-4\">\r\n\t\t\t\t\t\t<div class=\"service-item style2 th-wrap\">\r\n\t\t\t\t\t\t\t<div class=\"service-item_img\">\r\n\t\t\t\t\t\t\t\t<img decoding=\"async\" src=\"https:\/\/themeholy.com\/wordpress\/logistik\/wp-content\/uploads\/2023\/08\/service_1_3.jpg\" alt=\"service_1_3\"  \/>\t\t\t\t\t\t\t<\/div>\r\n\t\t\t\t\t\t\t<div class=\"service-item_content\">\r\n\t\t\t\t\t\t\t\t\t\t\t\t\t\t\t\t\t<div class=\"service-icon\">\r\n\t\t\t\t\t\t\t\t\t\t<img decoding=\"async\" src=\"https:\/\/themeholy.com\/wordpress\/logistik\/wp-content\/uploads\/2023\/08\/service_1_3.svg\" alt=\"service_1_3\"  \/>\t\t\t\t\t\t\t\t\t<\/div>\r\n\t\t\t\t\t\t\t\t\t\t\t\t\t\t\t\t<h3 class=\"box-title th-title\"><a href=\"\">\u4e66\u67b6\u505a\u6cd5<\/a><\/h3>\r\n\t\t\t\t\t\t\t\t<a href=\"\" class=\"line-btn\"><\/a>\r\n\t\t\t\t\t\t\t<\/div>\r\n\t\t\t\t\t\t\t<div class=\"service-item_info\">\r\n\t\t\t\t\t\t\t\t\t\t\t\t\t\t\t\t\t<div class=\"service-icon\">\r\n\t\t\t\t\t\t\t\t\t\t<img decoding=\"async\" src=\"https:\/\/themeholy.com\/wordpress\/logistik\/wp-content\/uploads\/2023\/08\/service_1_3.svg\" alt=\"service_1_3\"  \/>\t\t\t\t\t\t\t\t\t<\/div>\r\n\t\t\t\t\t\t\t\t\t\t\t\t\t\t\t\t<h3 class=\"box-title th-title\"><a href=\"\">\u4e66\u67b6\u505a\u6cd5<\/a><\/h3>\r\n\t\t\t\t\t\t\t\t<p class=\"service-item_text th-desc\">\u5b9e\u9645\u89e3\u51b3\u65b9\u6848\u7684\u6401\u7f6e\uff0c\u4ee5\u6700\u5927\u9650\u5ea6\u5730\u7a7a\u95f4\u548c\u7ec4\u7ec7<\/p>\r\n\t\t\t\t\t\t\t\t<a href=\"\" class=\"line-btn\"><\/a>\r\n\t\t\t\t\t\t\t\t<h3 class=\"service-item_number\">03<\/h3>\r\n\t\t\t\t\t\t\t<\/div>\r\n\t\t\t\t\t\t<\/div>\r\n\t\t\t\t\t<\/div>\r\n\t\t\t\t\t\t\t\t\t<div class=\"col-md-6 col-lg-6 col-xl-4\">\r\n\t\t\t\t\t\t<div class=\"service-item style2 th-wrap\">\r\n\t\t\t\t\t\t\t<div class=\"service-item_img\">\r\n\t\t\t\t\t\t\t\t<img decoding=\"async\" src=\"https:\/\/themeholy.com\/wordpress\/logistik\/wp-content\/uploads\/2023\/08\/service_1_5.jpg\" alt=\"service_1_5\"  \/>\t\t\t\t\t\t\t<\/div>\r\n\t\t\t\t\t\t\t<div class=\"service-item_content\">\r\n\t\t\t\t\t\t\t\t\t\t\t\t\t\t\t\t\t<div class=\"service-icon\">\r\n\t\t\t\t\t\t\t\t\t\t<img decoding=\"async\" src=\"https:\/\/themeholy.com\/wordpress\/logistik\/wp-content\/uploads\/2023\/08\/service_1_5.svg\" alt=\"service_1_5\"  \/>\t\t\t\t\t\t\t\t\t<\/div>\r\n\t\t\t\t\t\t\t\t\t\t\t\t\t\t\t\t<h3 class=\"box-title th-title\"><a href=\"https:\/\/themeholy.com\/wordpress\/logistik\/service-details\/\">\u5b58\u50a8\u5bb9\u91cf<\/a><\/h3>\r\n\t\t\t\t\t\t\t\t<a href=\"https:\/\/themeholy.com\/wordpress\/logistik\/service-details\/\" class=\"line-btn\">\u9605\u8bfb\u66f4\u591a<i class=\"fa-solid fa-arrow-right\"><\/i><\/a>\r\n\t\t\t\t\t\t\t<\/div>\r\n\t\t\t\t\t\t\t<div class=\"service-item_info\">\r\n\t\t\t\t\t\t\t\t\t\t\t\t\t\t\t\t\t<div class=\"service-icon\">\r\n\t\t\t\t\t\t\t\t\t\t<img decoding=\"async\" src=\"https:\/\/themeholy.com\/wordpress\/logistik\/wp-content\/uploads\/2023\/08\/service_1_5.svg\" alt=\"service_1_5\"  \/>\t\t\t\t\t\t\t\t\t<\/div>\r\n\t\t\t\t\t\t\t\t\t\t\t\t\t\t\t\t<h3 class=\"box-title th-title\"><a href=\"https:\/\/themeholy.com\/wordpress\/logistik\/service-details\/\">\u5b58\u50a8\u5bb9\u91cf<\/a><\/h3>\r\n\t\t\t\t\t\t\t\t<p class=\"service-item_text th-desc\">\u6211\u4eec\u5df2\u7ecf\u5b58\u50a8\uff0c\u53ef\u6269\u5c55\u81f3\u4efb\u4f55\u9700\u8981\u4f60\u7684\u4e8b<\/p>\r\n\t\t\t\t\t\t\t\t<a href=\"https:\/\/themeholy.com\/wordpress\/logistik\/service-details\/\" class=\"line-btn\">\u9605\u8bfb\u66f4\u591a<i class=\"fa-solid fa-arrow-right\"><\/i><\/a>\r\n\t\t\t\t\t\t\t\t<h3 class=\"service-item_number\">04<\/h3>\r\n\t\t\t\t\t\t\t<\/div>\r\n\t\t\t\t\t\t<\/div>\r\n\t\t\t\t\t<\/div>\r\n\t\t\t\t\t\t\t<\/div>\r\n\r\n    \t\t\t<\/div>\n\t\t\t\t<\/div>\n\t\t\t\t\t<\/div>\n\t\t<\/div>\n\t\t\t\t\t\t\t<\/div>\n\t\t<\/section>\n\t\t\t\t<section class=\"elementor-section elementor-top-section elementor-element elementor-element-7ce5dbe0 elementor-section-boxed elementor-section-height-default elementor-section-height-default\" data-id=\"7ce5dbe0\" data-element_type=\"section\">\n\t\t\t\t\t\t<div class=\"elementor-container elementor-column-gap-default\">\n\t\t\t\t\t<div class=\"elementor-column elementor-col-50 elementor-top-column elementor-element elementor-element-14a0e71d\" data-id=\"14a0e71d\" data-element_type=\"column\">\n\t\t\t<div class=\"elementor-widget-wrap elementor-element-populated\">\n\t\t\t\t\t\t\t\t<div class=\"elementor-element elementor-element-1ad6470d elementor-widget elementor-widget-logistiksectiontitle\" data-id=\"1ad6470d\" data-element_type=\"widget\" data-widget_type=\"logistiksectiontitle.default\">\n\t\t\t\t<div class=\"elementor-widget-container\">\n\t\t\t\t\t<div class=\"title-area\">\r\n\t\t\t\t \t\t\t<span class=\"sub-title th-sub\">\r\n\t\t\t\t\t<img decoding=\"async\" src=\"https:\/\/themeholy.com\/wordpress\/logistik\/wp-content\/uploads\/2023\/08\/title_left.svg\" alt=\"title_left\"  \/>\u5173\u4e8e\u6211\u4eec\r\n\t \t\t\t<\/span>\r\n \t\t\t\t\t\t\r\n\t\t\t<h2 class=\"sec-title th-title\">\u6211\u4eec\u8ba9\u4f60\u4ea7\u54c1\u7684\u5b89\u5168\u548c\u58f0\u97f3\u3002\n<\/h2>\t\t<\/div>\r\n\r\n\t\t\t<\/div>\n\t\t\t\t<\/div>\n\t\t\t\t<div class=\"elementor-element elementor-element-565c2f1c elementor-widget elementor-widget-logistikfeatures\" data-id=\"565c2f1c\" data-element_type=\"widget\" data-widget_type=\"logistikfeatures.default\">\n\t\t\t\t<div class=\"elementor-widget-container\">\n\t\t\t\r\n        \t\t\t<div class=\"achieve-about-wrapper\">\r\n\t\t\t\t\t\t\t\t\t<div class=\"achieve-about\">\r\n\t\t\t\t\t\t\t\t\t\t\t\t\t<div class=\"achieve-about_icon\">\r\n\t\t\t\t\t\t\t\t<i class=\"fa-duotone fa-check\"><\/i>\t\t\t\t\t\t\t<\/div>\r\n\t\t\t\t\t\t\t\t\t\t\t\t<div class=\"media-body\">\r\n\t\t\t\t\t\t\t<h3 class=\"achieve-about_title th-title\">\u4fdd\u8bc1\u5b89\u5168<\/h3>\r\n\t\t\t\t\t\t\t<p class=\"achieve-about_text th-desc\">\u50a8\u5b58\u7684\u8d27\u7269\u5728\u6574\u4e2a\u4e00\u5e74\u3002<\/p>\r\n\t\t\t\t\t\t<\/div>\r\n\t\t\t\t\t<\/div>\r\n\t\t\t\t\t\t\t<\/div>\r\n\r\n    \t\t\t<\/div>\n\t\t\t\t<\/div>\n\t\t\t\t<div class=\"elementor-element elementor-element-119a40c4 elementor-widget elementor-widget-logistikbutton\" data-id=\"119a40c4\" data-element_type=\"widget\" data-widget_type=\"logistikbutton.default\">\n\t\t\t\t<div class=\"elementor-widget-container\">\n\t\t\t<div class=\"btn-group btn-wrapper\"><a class=\"themeholy-btn th-btn\" href=\"https:\/\/cyfworldcargo.com\/zh\/contacto\/\">\u63a5\u89e6<i class=\"fa-solid fa-arrow-right\"><\/i><\/a><\/div>\t\t<\/div>\n\t\t\t\t<\/div>\n\t\t\t\t\t<\/div>\n\t\t<\/div>\n\t\t\t\t<div class=\"elementor-column elementor-col-50 elementor-top-column elementor-element elementor-element-35bb2111\" data-id=\"35bb2111\" data-element_type=\"column\">\n\t\t\t<div class=\"elementor-widget-wrap elementor-element-populated\">\n\t\t\t\t\t\t\t\t<div class=\"elementor-element elementor-element-4f906399 elementor-widget elementor-widget-logistikimage\" data-id=\"4f906399\" data-element_type=\"widget\" data-widget_type=\"logistikimage.default\">\n\t\t\t\t<div class=\"elementor-widget-container\">\n\t\t\t\r\n\t\t\t\t\t<div class=\"img-box6 pe-xl-5\">\r\n\t\t\t\t<div class=\"img1\">\r\n\t\t\t\t\t<img decoding=\"async\" src=\"https:\/\/themeholy.com\/wordpress\/logistik\/wp-content\/uploads\/2023\/08\/about_1.jpg\" alt=\"about_1\"  \/>\t\t\t\t<\/div>\r\n\t\t\t\t<div class=\"img2 movingX\">\r\n\t\t\t\t\t<img decoding=\"async\" src=\"https:\/\/themeholy.com\/wordpress\/logistik\/wp-content\/uploads\/2023\/08\/about_shape.png\" alt=\"about_shape\"  \/>\t\t\t\t<\/div>\r\n\t\t\t<\/div>\r\n\r\n\t\t\t\t<\/div>\n\t\t\t\t<\/div>\n\t\t\t\t\t<\/div>\n\t\t<\/div>\n\t\t\t\t\t\t\t<\/div>\n\t\t<\/section>\n\t\t\t\t<section class=\"elementor-section elementor-top-section elementor-element elementor-element-57288ece elementor-section-boxed elementor-section-height-default elementor-section-height-default\" data-id=\"57288ece\" data-element_type=\"section\" data-settings=\"{&quot;background_background&quot;:&quot;classic&quot;}\">\n\t\t\t\t\t\t<div class=\"elementor-container elementor-column-gap-no\">\n\t\t\t\t\t<div class=\"elementor-column elementor-col-100 elementor-top-column elementor-element elementor-element-77a5dd55\" data-id=\"77a5dd55\" data-element_type=\"column\">\n\t\t\t<div class=\"elementor-widget-wrap elementor-element-populated\">\n\t\t\t\t\t\t\t\t<div class=\"elementor-element elementor-element-f93d3cf elementor-widget elementor-widget-logistikcounterup\" data-id=\"f93d3cf\" data-element_type=\"widget\" data-widget_type=\"logistikcounterup.default\">\n\t\t\t\t<div class=\"elementor-widget-container\">\n\t\t\t\t\t\t\t\t<div class=\"row gy-40 justify-content-center\">\r\n\t\t\t\t\t\t\t\t<div class=\"col-sm-6 col-lg-3\">\r\n\t\t\t\t\t<div class=\"counter-card\">\r\n\t\t\t\t\t\t<div class=\"border-line\" data-bg-src=\"https:\/\/cyfworldcargo.com\/wp-content\/plugins\/logistik-core\/assets\/img\/line.svg\"><\/div>\r\n\t\t\t\t\t\t<div class=\"counter-card_icon\">\r\n\t\t\t\t\t\t\t<img decoding=\"async\" src=\"https:\/\/themeholy.com\/wordpress\/logistik\/wp-content\/uploads\/2023\/04\/location.svg\" alt=\"location\"  \/>\t\t\t\t\t\t<\/div>\r\n\t\t\t\t\t\t<h2 class=\"counter-card_number th-num\"><span class=\"counter-number\">189<\/span>+<\/h2>\r\n\t\t\t\t\t\t<p class=\"counter-card_text th-title\">\u6e2f\u53e3\u6211\u4eec\u5de5\u4f5c<\/p>\r\n\t\t\t\t\t<\/div>\r\n\t\t\t\t<\/div>\r\n\t\t\t\t\t\t\t\t<div class=\"col-sm-6 col-lg-3\">\r\n\t\t\t\t\t<div class=\"counter-card\">\r\n\t\t\t\t\t\t<div class=\"border-line\" data-bg-src=\"https:\/\/cyfworldcargo.com\/wp-content\/plugins\/logistik-core\/assets\/img\/line.svg\"><\/div>\r\n\t\t\t\t\t\t<div class=\"counter-card_icon\">\r\n\t\t\t\t\t\t\t<img decoding=\"async\" src=\"https:\/\/themeholy.com\/wordpress\/logistik\/wp-content\/uploads\/2023\/04\/delivery-time.svg\" alt=\"delivery time\"  \/>\t\t\t\t\t\t<\/div>\r\n\t\t\t\t\t\t<h2 class=\"counter-card_number th-num\"><span class=\"counter-number\">9<\/span>k<\/h2>\r\n\t\t\t\t\t\t<p class=\"counter-card_text th-title\">\u8d27\u8fd0<\/p>\r\n\t\t\t\t\t<\/div>\r\n\t\t\t\t<\/div>\r\n\t\t\t\t\t\t\t\t<div class=\"col-sm-6 col-lg-3\">\r\n\t\t\t\t\t<div class=\"counter-card\">\r\n\t\t\t\t\t\t<div class=\"border-line\" data-bg-src=\"https:\/\/cyfworldcargo.com\/wp-content\/plugins\/logistik-core\/assets\/img\/line.svg\"><\/div>\r\n\t\t\t\t\t\t<div class=\"counter-card_icon\">\r\n\t\t\t\t\t\t\t<img decoding=\"async\" src=\"https:\/\/themeholy.com\/wordpress\/logistik\/wp-content\/uploads\/2023\/04\/users.svg\" alt=\"users\"  \/>\t\t\t\t\t\t<\/div>\r\n\t\t\t\t\t\t<h2 class=\"counter-card_number th-num\"><span class=\"counter-number\">800<\/span>+<\/h2>\r\n\t\t\t\t\t\t<p class=\"counter-card_text th-title\">\u5ba2\u6237\u6ee1\u610f<\/p>\r\n\t\t\t\t\t<\/div>\r\n\t\t\t\t<\/div>\r\n\t\t\t\t\t\t\t<\/div>\r\n\r\n    \t\t\t<\/div>\n\t\t\t\t<\/div>\n\t\t\t\t\t<\/div>\n\t\t<\/div>\n\t\t\t\t\t\t\t<\/div>\n\t\t<\/section>\n\t\t\t\t\t\t\t<\/div>","protected":false},"excerpt":{"rendered":"<p>Warehousing Su mejor proveedor de almac\u00e9n contactar NUESTROS SERVICIOS Servicios log\u00edsticos especializados Almacenamiento inteligente Almacenamiento inteligente Almacenamiento inteligente que optimiza la log\u00edstica mediante la automatizaci\u00f3n 01 Equipo moderno Equipo moderno Los equipos modernos emplean tecnolog\u00eda de punta para mejorar. 02 Estanter\u00edas pr\u00e1cticas Estanter\u00edas pr\u00e1cticas Las pr\u00e1cticas soluciones de estanter\u00edas maximizan el espacio y la organizaci\u00f3n&#8230;<\/p>","protected":false},"author":1,"featured_media":0,"parent":0,"menu_order":0,"comment_status":"closed","ping_status":"closed","template":"template-builder.php","meta":{"footnotes":""},"_links":{"self":[{"href":"https:\/\/cyfworldcargo.com\/zh\/wp-json\/wp\/v2\/pages\/2233"}],"collection":[{"href":"https:\/\/cyfworldcargo.com\/zh\/wp-json\/wp\/v2\/pages"}],"about":[{"href":"https:\/\/cyfworldcargo.com\/zh\/wp-json\/wp\/v2\/types\/page"}],"author":[{"embeddable":true,"href":"https:\/\/cyfworldcargo.com\/zh\/wp-json\/wp\/v2\/users\/1"}],"replies":[{"embeddable":true,"href":"https:\/\/cyfworldcargo.com\/zh\/wp-json\/wp\/v2\/comments?post=2233"}],"version-history":[{"count":23,"href":"https:\/\/cyfworldcargo.com\/zh\/wp-json\/wp\/v2\/pages\/2233\/revisions"}],"predecessor-version":[{"id":2617,"href":"https:\/\/cyfworldcargo.com\/zh\/wp-json\/wp\/v2\/pages\/2233\/revisions\/2617"}],"wp:attachment":[{"href":"https:\/\/cyfworldcargo.com\/zh\/wp-json\/wp\/v2\/media?parent=2233"}],"curies":[{"name":"wp","href":"https:\/\/api.w.org\/{rel}","templated":true}]}}