
{"id":2220,"date":"2023-04-11T02:59:16","date_gmt":"2023-04-11T02:59:16","guid":{"rendered":"https:\/\/themeholy.com\/wordpress\/logistik\/?page_id=16"},"modified":"2023-12-19T21:28:49","modified_gmt":"2023-12-19T20:28:49","slug":"nosotros","status":"publish","type":"page","link":"https:\/\/cyfworldcargo.com\/zh\/nosotros\/","title":{"rendered":"\u6211\u4eec"},"content":{"rendered":"<div data-elementor-type=\"wp-page\" data-elementor-id=\"2220\" class=\"elementor elementor-2220\">\n\t\t\t\t\t\t\t\t\t<section class=\"elementor-section elementor-top-section elementor-element elementor-element-7162b08 elementor-section-boxed elementor-section-height-default elementor-section-height-default\" data-id=\"7162b08\" data-element_type=\"section\">\n\t\t\t\t\t\t<div class=\"elementor-container elementor-column-gap-no\">\n\t\t\t\t\t<div class=\"elementor-column elementor-col-50 elementor-top-column elementor-element elementor-element-b052925\" data-id=\"b052925\" data-element_type=\"column\">\n\t\t\t<div class=\"elementor-widget-wrap elementor-element-populated\">\n\t\t\t\t\t\t\t\t<div class=\"elementor-element elementor-element-ea63b79 elementor-widget elementor-widget-logistiksectiontitle\" data-id=\"ea63b79\" data-element_type=\"widget\" data-widget_type=\"logistiksectiontitle.default\">\n\t\t\t\t<div class=\"elementor-widget-container\">\n\t\t\t\t\t<div class=\"title-area\">\r\n\t\t\t\t \t\t\t<span class=\"sub-title th-sub\">\r\n\t\t\t\t\t<img decoding=\"async\" src=\"https:\/\/themeholy.com\/wordpress\/logistik\/wp-content\/uploads\/2023\/04\/title_left.svg\" alt=\"title_left\"  \/>\u5173\u4e8e\u6211\u4eec\r\n\t \t\t\t<\/span>\r\n \t\t\t\t\t\t\r\n\t\t\t<h2 class=\"sec-title th-title\">\u6211\u4eec\u7684\u4f7f\u547d<\/h2>\t\t<\/div>\r\n\r\n\t\t\t<\/div>\n\t\t\t\t<\/div>\n\t\t\t\t<div class=\"elementor-element elementor-element-35aec3a elementor-widget elementor-widget-image\" data-id=\"35aec3a\" data-element_type=\"widget\" data-widget_type=\"image.default\">\n\t\t\t\t<div class=\"elementor-widget-container\">\n\t\t\t<style>\/*! elementor - v3.17.0 - 01-11-2023 *\/\n.elementor-widget-image{text-align:center}.elementor-widget-image a{display:inline-block}.elementor-widget-image a img[src$=\".svg\"]{width:48px}.elementor-widget-image img{vertical-align:middle;display:inline-block}<\/style>\t\t\t\t\t\t\t\t\t\t\t\t<img loading=\"lazy\" decoding=\"async\" width=\"580\" height=\"370\" src=\"https:\/\/cyfworldcargo.com\/wp-content\/uploads\/2023\/04\/about_3.jpg\" class=\"attachment-full size-full wp-image-295\" alt=\"\" srcset=\"https:\/\/cyfworldcargo.com\/wp-content\/uploads\/2023\/04\/about_3.jpg 580w, https:\/\/cyfworldcargo.com\/wp-content\/uploads\/2023\/04\/about_3-300x191.jpg 300w\" sizes=\"(max-width: 580px) 100vw, 580px\" \/>\t\t\t\t\t\t\t\t\t\t\t\t\t\t\t<\/div>\n\t\t\t\t<\/div>\n\t\t\t\t\t<\/div>\n\t\t<\/div>\n\t\t\t\t<div class=\"elementor-column elementor-col-50 elementor-top-column elementor-element elementor-element-cafe5cf\" data-id=\"cafe5cf\" data-element_type=\"column\">\n\t\t\t<div class=\"elementor-widget-wrap elementor-element-populated\">\n\t\t\t\t\t\t\t\t<div class=\"elementor-element elementor-element-787ba2c elementor-widget elementor-widget-text-editor\" data-id=\"787ba2c\" data-element_type=\"widget\" data-widget_type=\"text-editor.default\">\n\t\t\t\t<div class=\"elementor-widget-container\">\n\t\t\t<style>\/*! elementor - v3.17.0 - 01-11-2023 *\/\n.elementor-widget-text-editor.elementor-drop-cap-view-stacked .elementor-drop-cap{background-color:#69727d;color:#fff}.elementor-widget-text-editor.elementor-drop-cap-view-framed .elementor-drop-cap{color:#69727d;border:3px solid;background-color:transparent}.elementor-widget-text-editor:not(.elementor-drop-cap-view-default) .elementor-drop-cap{margin-top:8px}.elementor-widget-text-editor:not(.elementor-drop-cap-view-default) .elementor-drop-cap-letter{width:1em;height:1em}.elementor-widget-text-editor .elementor-drop-cap{float:left;text-align:center;line-height:1;font-size:50px}.elementor-widget-text-editor .elementor-drop-cap-letter{display:inline-block}<\/style>\t\t\t\t<p>\u6211\u4eec\u662f\u4e00\u4e2a\u4ece\u4e8b\u8fd0\u8f93\u7684\u8d27\u7269\u901a\u8fc7\u6d77\u4e0a\u3001\u7a7a\u4e2d\u3001\u548c\u9646\u5730\u5728\u56fd\u9645\u4e00\u7ea7\u63d0\u4f9b\u4e00\u4e2a\u6709\u7ade\u4e89\u529b\u7684\u670d\u52a1\u3001\u4e2a\u6027\u5316\u548c\u5b89\u5168\u3002<\/p>\t\t\t\t\t\t<\/div>\n\t\t\t\t<\/div>\n\t\t\t\t<div class=\"elementor-element elementor-element-38271ed elementor-widget elementor-widget-logistikcounterup\" data-id=\"38271ed\" data-element_type=\"widget\" data-widget_type=\"logistikcounterup.default\">\n\t\t\t\t<div class=\"elementor-widget-container\">\n\t\t\t\t\t\t\t\t<div class=\"about-counter-wrap\">\r\n\t\t\t\t\t\t\t\t<div class=\"about-counter\">\r\n\t\t\t\t\t\t\t\t\t\t<div class=\"border-line\" data-bg-src=\"https:\/\/cyfworldcargo.com\/wp-content\/plugins\/logistik-core\/assets\/img\/line-2.svg\"><\/div>\r\n\t\t\t\t\t\t\t\t\t\t<div class=\"achive-about_icon\">\r\n\t\t\t\t\t\t<img decoding=\"async\" src=\"https:\/\/themeholy.com\/wordpress\/logistik\/wp-content\/uploads\/2023\/04\/shipping.svg\" alt=\"shipping\"  \/>\t\t\t\t\t<\/div>\r\n\t\t\t\t\t<div class=\"about-counter-content\">\r\n\t\t\t\t\t\t<h2 class=\"counter-card_number th-num\"><span class=\"counter-number\">800<\/span>+<\/h2>\r\n\t\t\t\t\t\t<p class=\"counter-card_text th-title\">\u5ba2\u6237<\/p>\r\n\t\t\t\t\t<\/div>\r\n\t\t\t\t<\/div>\r\n\t\t\t\t\t\t\t\t<div class=\"about-counter\">\r\n\t\t\t\t\t\t\t\t\t\t<div class=\"achive-about_icon\">\r\n\t\t\t\t\t\t<img decoding=\"async\" src=\"https:\/\/themeholy.com\/wordpress\/logistik\/wp-content\/uploads\/2023\/04\/location.svg\" alt=\"location\"  \/>\t\t\t\t\t<\/div>\r\n\t\t\t\t\t<div class=\"about-counter-content\">\r\n\t\t\t\t\t\t<h2 class=\"counter-card_number th-num\"><span class=\"counter-number\">9<\/span>K<\/h2>\r\n\t\t\t\t\t\t<p class=\"counter-card_text th-title\">\u8fd0\u8d39\u7531<\/p>\r\n\t\t\t\t\t<\/div>\r\n\t\t\t\t<\/div>\r\n\t\t\t\t\t\t\t<\/div>\r\n\r\n\t\t\t\t<\/div>\n\t\t\t\t<\/div>\n\t\t\t\t\t<\/div>\n\t\t<\/div>\n\t\t\t\t\t\t\t<\/div>\n\t\t<\/section>\n\t\t\t\t<section class=\"elementor-section elementor-top-section elementor-element elementor-element-1abafec elementor-section-boxed elementor-section-height-default elementor-section-height-default\" data-id=\"1abafec\" data-element_type=\"section\">\n\t\t\t\t\t\t<div class=\"elementor-container elementor-column-gap-no\">\n\t\t\t\t\t<div class=\"elementor-column elementor-col-50 elementor-top-column elementor-element elementor-element-672a0ed\" data-id=\"672a0ed\" data-element_type=\"column\">\n\t\t\t<div class=\"elementor-widget-wrap elementor-element-populated\">\n\t\t\t\t\t\t\t\t<div class=\"elementor-element elementor-element-fa208ef elementor-widget elementor-widget-text-editor\" data-id=\"fa208ef\" data-element_type=\"widget\" data-widget_type=\"text-editor.default\">\n\t\t\t\t<div class=\"elementor-widget-container\">\n\t\t\t\t\t\t\t<p>\u6211\u4eec\u7684\u76ee\u6807\u662f\u6700\u597d\u7684\u76df\u53cb\uff0c\u540e\u52e4\uff0c\u4e3a\u6211\u4eec\u7684\u5ba2\u6237\uff0c\u63d0\u4f9b\u4e00\u4e2a\u6295\u8d44\u7ec4\u5408\u7684\u670d\u52a1\uff0c\u52a0\u5feb\u3001\u65f6\u95f4\u548c\u5fe0\u8bda\u5ea6\u3002<\/p>\t\t\t\t\t\t<\/div>\n\t\t\t\t<\/div>\n\t\t\t\t<div class=\"elementor-element elementor-element-e8ab912 elementor-widget elementor-widget-heading\" data-id=\"e8ab912\" data-element_type=\"widget\" data-widget_type=\"heading.default\">\n\t\t\t\t<div class=\"elementor-widget-container\">\n\t\t\t<style>\/*! elementor - v3.17.0 - 01-11-2023 *\/\n.elementor-heading-title{padding:0;margin:0;line-height:1}.elementor-widget-heading .elementor-heading-title[class*=elementor-size-]>a{color:inherit;font-size:inherit;line-height:inherit}.elementor-widget-heading .elementor-heading-title.elementor-size-small{font-size:15px}.elementor-widget-heading .elementor-heading-title.elementor-size-medium{font-size:19px}.elementor-widget-heading .elementor-heading-title.elementor-size-large{font-size:29px}.elementor-widget-heading .elementor-heading-title.elementor-size-xl{font-size:39px}.elementor-widget-heading .elementor-heading-title.elementor-size-xxl{font-size:59px}<\/style><h3 class=\"elementor-heading-title elementor-size-default\">\u6211\u4eec\u627f\u8bfa\u4e3a\u6211\u4eec\u7684\u5ba2\u6237<\/h3>\t\t<\/div>\n\t\t\t\t<\/div>\n\t\t\t\t<div class=\"elementor-element elementor-element-34175bd elementor-icon-list--layout-traditional elementor-list-item-link-full_width elementor-widget elementor-widget-icon-list\" data-id=\"34175bd\" data-element_type=\"widget\" data-widget_type=\"icon-list.default\">\n\t\t\t\t<div class=\"elementor-widget-container\">\n\t\t\t<link rel=\"stylesheet\" href=\"https:\/\/cyfworldcargo.com\/wp-content\/plugins\/elementor\/assets\/css\/widget-icon-list.min.css\">\t\t<ul class=\"elementor-icon-list-items\">\n\t\t\t\t\t\t\t<li class=\"elementor-icon-list-item\">\n\t\t\t\t\t\t\t\t\t\t\t<span class=\"elementor-icon-list-icon\">\n\t\t\t\t\t\t\t<i aria-hidden=\"true\" class=\"fas fa-check-circle\"><\/i>\t\t\t\t\t\t<\/span>\n\t\t\t\t\t\t\t\t\t\t<span class=\"elementor-icon-list-text\">\u8bda\u5b9e<\/span>\n\t\t\t\t\t\t\t\t\t<\/li>\n\t\t\t\t\t\t\t\t<li class=\"elementor-icon-list-item\">\n\t\t\t\t\t\t\t\t\t\t\t<span class=\"elementor-icon-list-icon\">\n\t\t\t\t\t\t\t<i aria-hidden=\"true\" class=\"fas fa-check-circle\"><\/i>\t\t\t\t\t\t<\/span>\n\t\t\t\t\t\t\t\t\t\t<span class=\"elementor-icon-list-text\">\u901a\u4fe1<\/span>\n\t\t\t\t\t\t\t\t\t<\/li>\n\t\t\t\t\t\t\t\t<li class=\"elementor-icon-list-item\">\n\t\t\t\t\t\t\t\t\t\t\t<span class=\"elementor-icon-list-icon\">\n\t\t\t\t\t\t\t<i aria-hidden=\"true\" class=\"fas fa-check-circle\"><\/i>\t\t\t\t\t\t<\/span>\n\t\t\t\t\t\t\t\t\t\t<span class=\"elementor-icon-list-text\">\u5b89\u5168<\/span>\n\t\t\t\t\t\t\t\t\t<\/li>\n\t\t\t\t\t\t\t\t<li class=\"elementor-icon-list-item\">\n\t\t\t\t\t\t\t\t\t\t\t<span class=\"elementor-icon-list-icon\">\n\t\t\t\t\t\t\t<i aria-hidden=\"true\" class=\"fas fa-check-circle\"><\/i>\t\t\t\t\t\t<\/span>\n\t\t\t\t\t\t\t\t\t\t<span class=\"elementor-icon-list-text\">\u4e00\u82f1\u91cc<\/span>\n\t\t\t\t\t\t\t\t\t<\/li>\n\t\t\t\t\t\t<\/ul>\n\t\t\t\t<\/div>\n\t\t\t\t<\/div>\n\t\t\t\t\t<\/div>\n\t\t<\/div>\n\t\t\t\t<div class=\"elementor-column elementor-col-50 elementor-top-column elementor-element elementor-element-dd1ed9f\" data-id=\"dd1ed9f\" data-element_type=\"column\">\n\t\t\t<div class=\"elementor-widget-wrap elementor-element-populated\">\n\t\t\t\t\t\t\t\t<div class=\"elementor-element elementor-element-ee13185 elementor-widget elementor-widget-logistiksectiontitle\" data-id=\"ee13185\" data-element_type=\"widget\" data-widget_type=\"logistiksectiontitle.default\">\n\t\t\t\t<div class=\"elementor-widget-container\">\n\t\t\t\t\t<div class=\"title-area\">\r\n\t\t\t\t \t\t\t<span class=\"sub-title th-sub\">\r\n\t\t\t\t\t<img decoding=\"async\" src=\"https:\/\/themeholy.com\/wordpress\/logistik\/wp-content\/uploads\/2023\/04\/title_left.svg\" alt=\"title_left\"  \/>\u6211\u4eec\u8981\u53bb\u54ea\u91cc\r\n\t \t\t\t<\/span>\r\n \t\t\t\t\t\t\r\n\t\t\t<h2 class=\"sec-title th-title\">\u6211\u4eec\u7684\u89c6\u91ce<\/h2>\t\t<\/div>\r\n\r\n\t\t\t<\/div>\n\t\t\t\t<\/div>\n\t\t\t\t<div class=\"elementor-element elementor-element-e7a281a elementor-widget elementor-widget-image\" data-id=\"e7a281a\" data-element_type=\"widget\" data-widget_type=\"image.default\">\n\t\t\t\t<div class=\"elementor-widget-container\">\n\t\t\t\t\t\t\t\t\t\t\t\t\t\t\t<img loading=\"lazy\" decoding=\"async\" width=\"350\" height=\"400\" src=\"https:\/\/cyfworldcargo.com\/wp-content\/uploads\/2023\/08\/service_1_4.jpg\" class=\"attachment-full size-full wp-image-2162\" alt=\"\" srcset=\"https:\/\/cyfworldcargo.com\/wp-content\/uploads\/2023\/08\/service_1_4.jpg 350w, https:\/\/cyfworldcargo.com\/wp-content\/uploads\/2023\/08\/service_1_4-263x300.jpg 263w\" sizes=\"(max-width: 350px) 100vw, 350px\" \/>\t\t\t\t\t\t\t\t\t\t\t\t\t\t\t<\/div>\n\t\t\t\t<\/div>\n\t\t\t\t\t<\/div>\n\t\t<\/div>\n\t\t\t\t\t\t\t<\/div>\n\t\t<\/section>\n\t\t\t\t<section class=\"elementor-section elementor-top-section elementor-element elementor-element-1d9485d elementor-section-boxed elementor-section-height-default elementor-section-height-default\" data-id=\"1d9485d\" data-element_type=\"section\" data-settings=\"{&quot;background_background&quot;:&quot;classic&quot;}\">\n\t\t\t\t\t\t<div class=\"elementor-container elementor-column-gap-no\">\n\t\t\t\t\t<div class=\"elementor-column elementor-col-100 elementor-top-column elementor-element elementor-element-dd32aa6\" data-id=\"dd32aa6\" data-element_type=\"column\">\n\t\t\t<div class=\"elementor-widget-wrap elementor-element-populated\">\n\t\t\t\t\t\t\t\t<div class=\"elementor-element elementor-element-0334138 elementor-widget elementor-widget-logistiksectiontitle\" data-id=\"0334138\" data-element_type=\"widget\" data-widget_type=\"logistiksectiontitle.default\">\n\t\t\t\t<div class=\"elementor-widget-container\">\n\t\t\t\t\t<div class=\"title-area\">\r\n\t\t\t\t \t\t\t<span class=\"sub-title th-sub\">\r\n\t\t\t\t\t<img decoding=\"async\" src=\"https:\/\/themeholy.com\/wordpress\/logistik\/wp-content\/uploads\/2023\/04\/title_left.svg\" alt=\"title_left\"  \/>\u53d7\u76ca\u4e8e\u6211\u4eec\u7684\u5ba2\u6237\r\n\t \t\t\t<\/span>\r\n \t\t\t\t\t\t\r\n\t\t\t<h2 class=\"sec-title th-title\">\u5229\u7528\u4f60\u7684\u4e1a\u52a1<\/h2>\t\t<\/div>\r\n\r\n\t\t\t<\/div>\n\t\t\t\t<\/div>\n\t\t\t\t<div class=\"elementor-element elementor-element-c40baa3 elementor-widget elementor-widget-logistikservice\" data-id=\"c40baa3\" data-element_type=\"widget\" data-widget_type=\"logistikservice.default\">\n\t\t\t\t<div class=\"elementor-widget-container\">\n\t\t\t\r\n        \t\t\t<div class=\"feature-grid-wrap\">\r\n\t\t\t\t                <div class=\"feature-grid th-wrap\">\r\n                    <div class=\"feature-grid_icon\">\r\n\t\t\t\t\t\t<img decoding=\"async\" src=\"https:\/\/themeholy.com\/wordpress\/logistik\/wp-content\/uploads\/2023\/04\/feature_2_1.svg\" alt=\"feature_2_1\"  \/>                    <\/div>\r\n                    <div>\r\n                        <h3 class=\"feature-grid_title th-title\">\u6211\u4eec\u6539\u5584\u4ed6\u4eec\u7684\u8d39\u7528<\/h3>\r\n                        <p class=\"feature-grid_text th-desc\">\u5c3d\u91cf\u51cf\u5c11\u98ce\u9669\u7684\u884c\u52a8<\/p>\r\n                    <\/div>\r\n                <\/div>\r\n\t\t\t\t                <div class=\"feature-grid th-wrap\">\r\n                    <div class=\"feature-grid_icon\">\r\n\t\t\t\t\t\t<img decoding=\"async\" src=\"https:\/\/themeholy.com\/wordpress\/logistik\/wp-content\/uploads\/2023\/04\/feature_2_2.svg\" alt=\"feature_2_2\"  \/>                    <\/div>\r\n                    <div>\r\n                        <h3 class=\"feature-grid_title th-title\">\u65f6\u95f4\u8c03\u6574\u7684<\/h3>\r\n                        <p class=\"feature-grid_text th-desc\">\u6211\u4eec\u7684\u5de5\u4f5c\u65f6\u95f4\u8c03\u6574\u5230\u4f60\u7684\u9700\u8981<\/p>\r\n                    <\/div>\r\n                <\/div>\r\n\t\t\t\t                <div class=\"feature-grid th-wrap\">\r\n                    <div class=\"feature-grid_icon\">\r\n\t\t\t\t\t\t<img decoding=\"async\" src=\"https:\/\/themeholy.com\/wordpress\/logistik\/wp-content\/uploads\/2023\/04\/feature_2_3.svg\" alt=\"feature_2_3\"  \/>                    <\/div>\r\n                    <div>\r\n                        <h3 class=\"feature-grid_title th-title\">\u6ce8\u610f\u4f60\u7684\u4e2a\u6027\u5316<\/h3>\r\n                        <p class=\"feature-grid_text th-desc\">\u6211\u4eec\u7684\u4ee3\u7406\u4e13\u4e1a\u4eba\u5458\u7684\u9ad8\u6c34\u5e73<\/p>\r\n                    <\/div>\r\n                <\/div>\r\n\t\t\t\t                <div class=\"feature-grid th-wrap\">\r\n                    <div class=\"feature-grid_icon\">\r\n\t\t\t\t\t\t<img decoding=\"async\" src=\"https:\/\/themeholy.com\/wordpress\/logistik\/wp-content\/uploads\/2023\/04\/feature_2_4.svg\" alt=\"feature_2_4\"  \/>                    <\/div>\r\n                    <div>\r\n                        <h3 class=\"feature-grid_title th-title\">\u652f\u6301\u548c\u540e\u7eed\u884c\u52a8<\/h3>\r\n                        <p class=\"feature-grid_text th-desc\">\u4e0e\u6211\u4eec\u7684\u5e10\u6237\u4e3a\u53d7\u4fe1\u4efb\u7684\u4f19\u4f34<\/p>\r\n                    <\/div>\r\n                <\/div>\r\n\t\t\t\t            <\/div>\r\n\r\n\t\t\t\t<\/div>\n\t\t\t\t<\/div>\n\t\t\t\t\t<\/div>\n\t\t<\/div>\n\t\t\t\t\t\t\t<\/div>\n\t\t<\/section>\n\t\t\t\t<section class=\"elementor-section elementor-top-section elementor-element elementor-element-d2ff8e7 elementor-section-boxed elementor-section-height-default elementor-section-height-default\" data-id=\"d2ff8e7\" data-element_type=\"section\">\n\t\t\t\t\t\t<div class=\"elementor-container elementor-column-gap-no\">\n\t\t\t\t\t<div class=\"elementor-column elementor-col-50 elementor-top-column elementor-element elementor-element-75b7e2d\" data-id=\"75b7e2d\" data-element_type=\"column\">\n\t\t\t<div class=\"elementor-widget-wrap elementor-element-populated\">\n\t\t\t\t\t\t\t\t<div class=\"elementor-element elementor-element-9fe4347 elementor-widget elementor-widget-logistikcontactform\" data-id=\"9fe4347\" data-element_type=\"widget\" data-widget_type=\"logistikcontactform.default\">\n\t\t\t\t<div class=\"elementor-widget-container\">\n\t\t\t\t\t\t\t\t<div class=\"service-form-wrap\">\r\n\t\t\t\t<div class=\"service-form  th-bg ajax-contact\">\r\n\t\t\t\t\t<h3 class=\"fs-24 mb-30 mt-n1 text-white th-title\">\u8bf7\u6c42\u62a5\u4ef7<\/h3>\r\n\t\t\t\t\t\n<div class=\"wpcf7 no-js\" id=\"wpcf7-f1531-o1\" lang=\"en-US\" dir=\"ltr\">\n<div class=\"screen-reader-response\"><p role=\"status\" aria-live=\"polite\" aria-atomic=\"true\"><\/p> <ul><\/ul><\/div>\n<form action=\"\/zh\/wp-json\/wp\/v2\/pages\/2220#wpcf7-f1531-o1\" method=\"post\" class=\"wpcf7-form init\" aria-label=\"Contact form\" novalidate=\"novalidate\" data-status=\"init\" data-trp-original-action=\"\/zh\/wp-json\/wp\/v2\/pages\/2220#wpcf7-f1531-o1\">\n<div style=\"display: none;\">\n<input type=\"hidden\" name=\"_wpcf7\" value=\"1531\" \/>\n<input type=\"hidden\" name=\"_wpcf7_version\" value=\"5.8.2\" \/>\n<input type=\"hidden\" name=\"_wpcf7_locale\" value=\"en_US\" \/>\n<input type=\"hidden\" name=\"_wpcf7_unit_tag\" value=\"wpcf7-f1531-o1\" \/>\n<input type=\"hidden\" name=\"_wpcf7_container_post\" value=\"0\" \/>\n<input type=\"hidden\" name=\"_wpcf7_posted_data_hash\" value=\"\" \/>\n<\/div>\n<div class=\"row\">\n\t<div class=\"form-group col-md-6\">\n<span class=\"wpcf7-form-control-wrap\" data-name=\"name312\"><input size=\"40\" class=\"wpcf7-form-control wpcf7-text wpcf7-validates-as-required form-control\" id=\"name312\" aria-required=\"true\" aria-invalid=\"false\" placeholder=\"\u540d\u79f0\" value=\"\" type=\"text\" name=\"name312\" \/><\/span>\n<i class=\"fal fa-user\"><\/i>\n\t<\/div>\n\t<div class=\"form-group col-md-6\">\n<span class=\"wpcf7-form-control-wrap\" data-name=\"email412\"><input size=\"40\" class=\"wpcf7-form-control wpcf7-email wpcf7-validates-as-required wpcf7-text wpcf7-validates-as-email form-control\" id=\"email412\" aria-required=\"true\" aria-invalid=\"false\" placeholder=\"\u7535\u5b50\u90ae\u4ef6\" value=\"\" type=\"email\" name=\"email412\" \/><\/span>\n<i class=\"fal fa-envelope\"><\/i>\n\t<\/div>\n\t<div class=\"form-group col-12\">\n<span class=\"wpcf7-form-control-wrap\" data-name=\"name75\"><input size=\"40\" class=\"wpcf7-form-control wpcf7-text wpcf7-validates-as-required form-control\" id=\"name75\" aria-required=\"true\" aria-invalid=\"false\" placeholder=\"\u7535\u8bdd\" value=\"\" type=\"text\" name=\"name75\" \/><\/span>\n<i class=\"fa-regular fa-phone\"><\/i>\n\t<\/div>\n\t<div class=\"form-group col-12\">\n\t\t<i class=\"fa-regular fa-comments\"><\/i>\n<span class=\"wpcf7-form-control-wrap\" data-name=\"textarea-85\"><textarea cols=\"40\" rows=\"10\" class=\"wpcf7-form-control wpcf7-textarea wpcf7-validates-as-required form-control style3\" id=\"textarea-85\" aria-required=\"true\" aria-invalid=\"false\" placeholder=\"\u6d88\u606f\" name=\"textarea-85\"><\/textarea><\/span>\n\t<\/div>\n\t<div class=\"btn-group justify-content-center\">\n\t\t<button class=\"themeholy-btn th-btn btn-fw justify-content-center wpcf7\">\u53d1\u9001<span class=\"icon\"><i class=\"fa-sharp fa-regular fa-paper-plane\"><\/i><\/span><\/button>\n\t<\/div>\n<\/div>\n<p class=\"form-messages mb-0 mt-3\"><\/p><div class=\"wpcf7-response-output\" aria-hidden=\"true\"><\/div>\n<input type=\"hidden\" name=\"trp-form-language\" value=\"zh\"\/><\/form>\n<\/div>\n\t\t\t\t<\/div>\r\n\t\t\t<\/div>\r\n\t    \t \r\n\t    \t\t<\/div>\n\t\t\t\t<\/div>\n\t\t\t\t\t<\/div>\n\t\t<\/div>\n\t\t\t\t<div class=\"elementor-column elementor-col-50 elementor-top-column elementor-element elementor-element-1bdd55e\" data-id=\"1bdd55e\" data-element_type=\"column\" data-settings=\"{&quot;background_background&quot;:&quot;classic&quot;}\">\n\t\t\t<div class=\"elementor-widget-wrap elementor-element-populated\">\n\t\t\t\t\t\t\t\t<div class=\"elementor-element elementor-element-89bb561 elementor-widget elementor-widget-logistikfaq\" data-id=\"89bb561\" data-element_type=\"widget\" data-widget_type=\"logistikfaq.default\">\n\t\t\t\t<div class=\"elementor-widget-container\">\n\t\t\t\t\t\r\n\t\t\t<div class=\"accordion-area accordion\" id=\"faqAccordion1\">\r\n\t\t\t\t\t\t\t\t<div class=\"accordion-card\">\r\n\t\t\t\t\t\t\t\t\t\t<div class=\"accordion-header\" id=\"collapse-item-69e1787b5195f\">\r\n\t\t\t\t\t\t<button class=\"accordion-button\" type=\"button\" data-bs-toggle=\"collapse\"\r\n\t\t\t\t\t\t\tdata-bs-target=\"#collapse-69e1787b5195f\" aria-expanded=\"true\" aria-controls=\"collapse-69e1787b5195f\">\u4f60\u600e\u4e48\u786e\u5b9a\u6210\u672c\u7684\u8fd0\u8f93\u9053\u8def\uff1f <\/button>\r\n\t\t\t\t\t<\/div>\r\n\t\t\t\t\t\t\t\t\t\t\t\t\t\t\t<div id=\"collapse-69e1787b5195f\" class=\"accordion-collapse collapse show\"\r\n\t\t\t\t\t\taria-labelledby=\"collapse-item-69e1787b5195f\" data-bs-parent=\"#faqAccordion1\">\r\n\t\t\t\t\t\t<div class=\"accordion-body\">\r\n\t\t\t\t\t\t\t<p>\u6210\u672c\u7684\u516c\u8def\u8fd0\u8f93\u53ef\u80fd\u53d7\u5230\u82e5\u5e72\u56e0\u7d20\u7684\u5f71\u54cd\uff0c\u4f8b\u5982\u8ddd\u79bb\u3001\u91cd\u91cf\u548c\u5c3a\u5bf8\u7684\u88c5\u8f7d\u3001\u71c3\u6599\u8d39\u3001\u901a\u884c\u8d39\u3001\u7a0e\u8d39\u548c\u4efb\u4f55\u5176\u4ed6\u670d\u52a1\u9700\u8981\uff0c\u4f8b\u5982\u88c5\u8f7d\u6216\u5378\u8f7d\u3002 \u6b64\u5916\uff0c\u4f9b\u5e94\u548c\u9700\u6c42\u5e02\u573a\u7684\u53ef\u80fd\u5f71\u54cd\u4ef7\u683c\u3002<\/p>\t\t\t\t\t\t<\/div>\r\n\t\t\t\t\t<\/div>\r\n\t\t\t\t\t\t\t\t\t<\/div>\r\n\t\t\t\t\t\t\t\t<div class=\"accordion-card\">\r\n\t\t\t\t\t\t\t\t\t\t<div class=\"accordion-header\" id=\"collapse-item-69e1787b519e8\">\r\n\t\t\t\t\t\t<button class=\"accordion-button collapsed\" type=\"button\" data-bs-toggle=\"collapse\"\r\n\t\t\t\t\t\t\tdata-bs-target=\"#collapse-69e1787b519e8\" aria-expanded=\"false\" aria-controls=\"collapse-69e1787b519e8\">\u4ec0\u4e48\u662f\u6d77\u4e0a\u8fd0\u8f93\u7684? <\/button>\r\n\t\t\t\t\t<\/div>\r\n\t\t\t\t\t\t\t\t\t\t\t\t\t\t\t<div id=\"collapse-69e1787b519e8\" class=\"accordion-collapse collapse\"\r\n\t\t\t\t\t\taria-labelledby=\"collapse-item-69e1787b519e8\" data-bs-parent=\"#faqAccordion1\">\r\n\t\t\t\t\t\t<div class=\"accordion-body\">\r\n\t\t\t\t\t\t\t<p>\u8fd4\u56de\u7684\u9879\u76ee\u5927\u548c\u7b28\u91cd\u7684\u6216\u8005\u5bf9\u4e8e\u8fd0\u8f93\u8ddd\u79bb\u957f\u3002 \u6709\u80fd\u529b\u643a\u5e26\u5927\u91cf\u7684\u8d27\u7269\u5728\u540c\u4e00\u65f6\u95f4\u3002 \u63d0\u4f9b\u7684\u5404\u79cd\u7c7b\u578b\u7684\u8239\u8236\u4e0d\u540c\u7c7b\u578b\u7684\u8d27\u7269\u3002 \u76f8\u5bf9\u4f4e\u98ce\u9669\u7684\u8d27\u7269\u5931\u7a83\u6216\u635f\u5bb3\u4e0e\u5176\u4ed6\u79cd\u8fd0\u8f93\u65b9\u5f0f\u3002<\/p>\t\t\t\t\t\t<\/div>\r\n\t\t\t\t\t<\/div>\r\n\t\t\t\t\t\t\t\t\t<\/div>\r\n\t\t\t\t\t\t\t\t<div class=\"accordion-card\">\r\n\t\t\t\t\t\t\t\t\t\t<div class=\"accordion-header\" id=\"collapse-item-69e1787b51a44\">\r\n\t\t\t\t\t\t<button class=\"accordion-button collapsed\" type=\"button\" data-bs-toggle=\"collapse\"\r\n\t\t\t\t\t\t\tdata-bs-target=\"#collapse-69e1787b51a44\" aria-expanded=\"false\" aria-controls=\"collapse-69e1787b51a44\">\u6709\u4ec0\u4e48\u4f18\u70b9\u7684\u7a7a\u8fd0\u8f93\uff1f <\/button>\r\n\t\t\t\t\t<\/div>\r\n\t\t\t\t\t\t\t\t\t\t\t\t\t\t\t<div id=\"collapse-69e1787b51a44\" class=\"accordion-collapse collapse\"\r\n\t\t\t\t\t\taria-labelledby=\"collapse-item-69e1787b51a44\" data-bs-parent=\"#faqAccordion1\">\r\n\t\t\t\t\t\t<div class=\"accordion-body\">\r\n\t\t\t\t\t\t\t<p>\u4f18\u70b9\u7684\u7a7a\u4e2d\u8fd0\u8f93\uff0c\u5176\u4e2d\u5305\u62ec\u901f\u5ea6\u3001\u53ef\u9760\u6027\u548c\u5b89\u5168\u6027\u3002 \u822a\u7a7a\u8fd0\u8f93\u5f80\u5f80\u662f\u6700\u5feb\u7684\u65b9\u5f0f\u8d27\u7269\u8fd0\u8f93\u5728\u5f88\u957f\u7684\u8ddd\u79bb\uff0c\u5e76\u63d0\u4f9b\u4e86\u66f4\u591a\u7684\u4fdd\u969c\uff0c\u6bd4\u5176\u4ed6\u624b\u6bb5\u7684\u8fd0\u8f93\u3002<\/p>\t\t\t\t\t\t<\/div>\r\n\t\t\t\t\t<\/div>\r\n\t\t\t\t\t\t\t\t\t<\/div>\r\n\t\t\t\t\t\t\t<\/div>\r\n\r\n        \t\t<\/div>\n\t\t\t\t<\/div>\n\t\t\t\t\t<\/div>\n\t\t<\/div>\n\t\t\t\t\t\t\t<\/div>\n\t\t<\/section>\n\t\t\t\t\t\t\t<\/div>","protected":false},"excerpt":{"rendered":"<p>Sobre nosotros Nuestra misi\u00f3n Somos una dedicada al transporte de mercanc\u00eda, v\u00eda mar\u00edtima, a\u00e9rea y terrestre a nivel internacional ofreciendo un servicio competitivo, personalizado y seguro. 800+ Clientes 9K Envios realizados Tenemos por objetivo ser el mejor aliado log\u00edstico a los clientes, brind\u00e1ndoles un portafolio con servicios expeditos, en tiempo y fidelizaci\u00f3n. Compromiso con nuestros&#8230;<\/p>","protected":false},"author":1,"featured_media":0,"parent":0,"menu_order":0,"comment_status":"closed","ping_status":"closed","template":"template-builder.php","meta":{"footnotes":""},"_links":{"self":[{"href":"https:\/\/cyfworldcargo.com\/zh\/wp-json\/wp\/v2\/pages\/2220"}],"collection":[{"href":"https:\/\/cyfworldcargo.com\/zh\/wp-json\/wp\/v2\/pages"}],"about":[{"href":"https:\/\/cyfworldcargo.com\/zh\/wp-json\/wp\/v2\/types\/page"}],"author":[{"embeddable":true,"href":"https:\/\/cyfworldcargo.com\/zh\/wp-json\/wp\/v2\/users\/1"}],"replies":[{"embeddable":true,"href":"https:\/\/cyfworldcargo.com\/zh\/wp-json\/wp\/v2\/comments?post=2220"}],"version-history":[{"count":14,"href":"https:\/\/cyfworldcargo.com\/zh\/wp-json\/wp\/v2\/pages\/2220\/revisions"}],"predecessor-version":[{"id":2605,"href":"https:\/\/cyfworldcargo.com\/zh\/wp-json\/wp\/v2\/pages\/2220\/revisions\/2605"}],"wp:attachment":[{"href":"https:\/\/cyfworldcargo.com\/zh\/wp-json\/wp\/v2\/media?parent=2220"}],"curies":[{"name":"wp","href":"https:\/\/api.w.org\/{rel}","templated":true}]}}