
{"id":2233,"date":"2023-08-10T11:04:16","date_gmt":"2023-08-10T11:04:16","guid":{"rendered":"https:\/\/themeholy.com\/wordpress\/logistik\/?page_id=2220"},"modified":"2023-12-19T21:43:48","modified_gmt":"2023-12-19T20:43:48","slug":"warehouse","status":"publish","type":"page","link":"https:\/\/cyfworldcargo.com\/en\/warehouse\/","title":{"rendered":"Warehouse"},"content":{"rendered":"<div data-elementor-type=\"wp-page\" data-elementor-id=\"2233\" class=\"elementor elementor-2233\">\n\t\t\t\t\t\t\t\t\t<section class=\"elementor-section elementor-top-section elementor-element elementor-element-20e271f8 elementor-section-full_width elementor-section-height-default elementor-section-height-default\" data-id=\"20e271f8\" data-element_type=\"section\">\n\t\t\t\t\t\t<div class=\"elementor-container elementor-column-gap-no\">\n\t\t\t\t\t<div class=\"elementor-column elementor-col-100 elementor-top-column elementor-element elementor-element-4bd3e11f\" data-id=\"4bd3e11f\" data-element_type=\"column\">\n\t\t\t<div class=\"elementor-widget-wrap elementor-element-populated\">\n\t\t\t\t\t\t\t\t<div class=\"elementor-element elementor-element-7b1afdc8 elementor-widget elementor-widget-logistikbanner\" data-id=\"7b1afdc8\" data-element_type=\"widget\" data-widget_type=\"logistikbanner.default\">\n\t\t\t\t<div class=\"elementor-widget-container\">\n\t\t\t\t\t\t<div class=\"themeholy hero-6 overflow-hidden\" id=\"hero\" data-bg-src=\"https:\/\/themeholy.com\/wordpress\/logistik\/wp-content\/uploads\/2023\/08\/hero_bg_1.jpg\">\r\n\t\t\t<div class=\"hero-slider-3 themeholy-carousel\" data-fade=\"true\" data-slide-show=\"1\" data-md-slide-show=\"1\">\r\n\t\t\t\t\t\t\t\t\t<div class=\"themeholy-hero-slide\">\r\n\t\t\t\t\t\t<div class=\"container\">\r\n\t\t\t\t\t\t\t<div class=\"row align-items-center\">\r\n\t\t\t\t\t\t\t\t<div class=\"col-lg-7\">\r\n\t\t\t\t\t\t\t\t\t<div class=\"hero-style6\">\r\n\t\t\t\t\t\t\t\t\t\t<span class=\"hero-subtitle th-sub\" data-ani=\"slideindown\" data-ani-delay=\"0.1s\">\r\n\t\t\t\t\t\t\t\t\t\t\t<img decoding=\"async\" src=\"https:\/\/themeholy.com\/wordpress\/logistik\/wp-content\/uploads\/2023\/08\/title_left-1.svg\" alt=\"title_left 1\"  \/>\t\t\t\t\t\t\t\t\t\t\tWarehousing\t\t\t\t\t\t\t\t\t\t<\/span>\r\n\t\t\t\t\t\t\t\t\t\t<h1 class=\"hero-title th-title\" data-ani=\"slideindown\" data-ani-delay=\"0.2s\">Your best supplier store<\/h1>\r\n\t\t\t\t\t\t\t\t\t\t\t\t\t\t\t\t\t\t\t\t\t<div class=\"btn-group mt-30\" data-ani=\"slideindown\" data-ani-delay=\"0.3s\">\r\n\t\t\t\t\t\t\t\t\t\t\t\t<a href=\"https:\/\/cyfworldcargo.com\/en\/contacto\/\" class=\"themeholy-btn blue-btn th_btn\">contact<i class=\"fa-solid fa-arrow-right ms-2\"><\/i><\/a>\r\n\t\t\t\t\t\t\t\t\t\t\t<\/div>\r\n\t\t\t\t\t\t\t\t\t\t\t\t\t\t\t\t\t\t\t<\/div>\r\n\t\t\t\t\t\t\t\t<\/div>\r\n\t\t\t\t\t\t\t\t<div class=\"col-lg-5\">\r\n\t\t\t\t\t\t\t\t\t<div class=\"themeholy-hero-img\" data-ani=\"slideinup\" data-ani-delay=\"0.9s\">\r\n\t\t\t\t\t\t\t\t\t\t<img decoding=\"async\" src=\"https:\/\/themeholy.com\/wordpress\/logistik\/wp-content\/uploads\/2023\/08\/hero_bg_1.png\" alt=\"hero_bg_1\"  \/>\t\t\t\t\t\t\t\t\t<\/div>\r\n\t\t\t\t\t\t\t\t<\/div>\r\n\t\t\t\t\t\t\t<\/div>\r\n\t\t\t\t\t\t<\/div>\r\n\t\t\t\t\t<\/div>\r\n\t\t\t\t\t\t\t<\/div>\r\n\t\t<\/div>\r\n\r\n\t\t\t<\/div>\n\t\t\t\t<\/div>\n\t\t\t\t\t<\/div>\n\t\t<\/div>\n\t\t\t\t\t\t\t<\/div>\n\t\t<\/section>\n\t\t\t\t<section class=\"elementor-section elementor-top-section elementor-element elementor-element-399b1164 elementor-section-boxed elementor-section-height-default elementor-section-height-default\" data-id=\"399b1164\" data-element_type=\"section\" data-settings=\"{&quot;background_background&quot;:&quot;classic&quot;}\">\n\t\t\t\t\t\t<div class=\"elementor-container elementor-column-gap-no\">\n\t\t\t\t\t<div class=\"elementor-column elementor-col-100 elementor-top-column elementor-element elementor-element-6b3d4d93\" data-id=\"6b3d4d93\" data-element_type=\"column\">\n\t\t\t<div class=\"elementor-widget-wrap elementor-element-populated\">\n\t\t\t\t\t\t\t\t<div class=\"elementor-element elementor-element-5ad49408 elementor-widget elementor-widget-logistiksectiontitle\" data-id=\"5ad49408\" data-element_type=\"widget\" data-widget_type=\"logistiksectiontitle.default\">\n\t\t\t\t<div class=\"elementor-widget-container\">\n\t\t\t\t\t<div class=\"title-area\">\r\n\t\t\t\t \t\t\t<span class=\"sub-title th-sub\">\r\n\t\t\t\t\t<img decoding=\"async\" src=\"https:\/\/themeholy.com\/wordpress\/logistik\/wp-content\/uploads\/2023\/08\/title_left.svg\" alt=\"title_left\"  \/>OUR SERVICES\r\n\t \t\t\t<\/span>\r\n \t\t\t\t\t\t\r\n\t\t\t<h2 class=\"sec-title th-title\">Logistics services specialist<\/h2>\t\t<\/div>\r\n\r\n\t\t\t<\/div>\n\t\t\t\t<\/div>\n\t\t\t\t<div class=\"elementor-element elementor-element-50dd7a2d elementor-widget elementor-widget-logistikservice\" data-id=\"50dd7a2d\" data-element_type=\"widget\" data-widget_type=\"logistikservice.default\">\n\t\t\t\t<div class=\"elementor-widget-container\">\n\t\t\t\r\n        \t\t\t<div class=\"row slider-shadow themeholy-carousel arrow-wrap\" data-slide-show=\"4\" data-xl-slide-show=\"3\" data-lg-slide-show=\"2\" data-md-slide-show=\"2\" data-sm-slide-show=\"1\" data-xs-slide-show=\"1\" data-arrows=\"true\">\r\n\t\t\t\t\t\t\t\t\t<div class=\"col-md-6 col-lg-6 col-xl-4\">\r\n\t\t\t\t\t\t<div class=\"service-item style2 th-wrap\">\r\n\t\t\t\t\t\t\t<div class=\"service-item_img\">\r\n\t\t\t\t\t\t\t\t<img decoding=\"async\" src=\"https:\/\/themeholy.com\/wordpress\/logistik\/wp-content\/uploads\/2023\/08\/service_1_1.jpg\" alt=\"service_1_1\"  \/>\t\t\t\t\t\t\t<\/div>\r\n\t\t\t\t\t\t\t<div class=\"service-item_content\">\r\n\t\t\t\t\t\t\t\t\t\t\t\t\t\t\t\t\t<div class=\"service-icon\">\r\n\t\t\t\t\t\t\t\t\t\t<img decoding=\"async\" src=\"https:\/\/themeholy.com\/wordpress\/logistik\/wp-content\/uploads\/2023\/08\/service_1_1.svg\" alt=\"service_1_1\"  \/>\t\t\t\t\t\t\t\t\t<\/div>\r\n\t\t\t\t\t\t\t\t\t\t\t\t\t\t\t\t<h3 class=\"box-title th-title\"><a href=\"\">Smart storage<\/a><\/h3>\r\n\t\t\t\t\t\t\t\t<a href=\"\" class=\"line-btn\"><\/a>\r\n\t\t\t\t\t\t\t<\/div>\r\n\t\t\t\t\t\t\t<div class=\"service-item_info\">\r\n\t\t\t\t\t\t\t\t\t\t\t\t\t\t\t\t\t<div class=\"service-icon\">\r\n\t\t\t\t\t\t\t\t\t\t<img decoding=\"async\" src=\"https:\/\/themeholy.com\/wordpress\/logistik\/wp-content\/uploads\/2023\/08\/service_1_1.svg\" alt=\"service_1_1\"  \/>\t\t\t\t\t\t\t\t\t<\/div>\r\n\t\t\t\t\t\t\t\t\t\t\t\t\t\t\t\t<h3 class=\"box-title th-title\"><a href=\"\">Smart storage<\/a><\/h3>\r\n\t\t\t\t\t\t\t\t<p class=\"service-item_text th-desc\">Clever storage that optimizes the logistics through automation\n<\/p>\r\n\t\t\t\t\t\t\t\t<a href=\"\" class=\"line-btn\"><\/a>\r\n\t\t\t\t\t\t\t\t<h3 class=\"service-item_number\">01<\/h3>\r\n\t\t\t\t\t\t\t<\/div>\r\n\t\t\t\t\t\t<\/div>\r\n\t\t\t\t\t<\/div>\r\n\t\t\t\t\t\t\t\t\t<div class=\"col-md-6 col-lg-6 col-xl-4\">\r\n\t\t\t\t\t\t<div class=\"service-item style2 th-wrap\">\r\n\t\t\t\t\t\t\t<div class=\"service-item_img\">\r\n\t\t\t\t\t\t\t\t<img decoding=\"async\" src=\"https:\/\/themeholy.com\/wordpress\/logistik\/wp-content\/uploads\/2023\/08\/service_1_2.jpg\" alt=\"service_1_2\"  \/>\t\t\t\t\t\t\t<\/div>\r\n\t\t\t\t\t\t\t<div class=\"service-item_content\">\r\n\t\t\t\t\t\t\t\t\t\t\t\t\t\t\t\t\t<div class=\"service-icon\">\r\n\t\t\t\t\t\t\t\t\t\t<img decoding=\"async\" src=\"https:\/\/themeholy.com\/wordpress\/logistik\/wp-content\/uploads\/2023\/08\/service_1_2.svg\" alt=\"service_1_2\"  \/>\t\t\t\t\t\t\t\t\t<\/div>\r\n\t\t\t\t\t\t\t\t\t\t\t\t\t\t\t\t<h3 class=\"box-title th-title\"><a href=\"\">Modern equipment<\/a><\/h3>\r\n\t\t\t\t\t\t\t\t<a href=\"\" class=\"line-btn\"><\/a>\r\n\t\t\t\t\t\t\t<\/div>\r\n\t\t\t\t\t\t\t<div class=\"service-item_info\">\r\n\t\t\t\t\t\t\t\t\t\t\t\t\t\t\t\t\t<div class=\"service-icon\">\r\n\t\t\t\t\t\t\t\t\t\t<img decoding=\"async\" src=\"https:\/\/themeholy.com\/wordpress\/logistik\/wp-content\/uploads\/2023\/08\/service_1_2.svg\" alt=\"service_1_2\"  \/>\t\t\t\t\t\t\t\t\t<\/div>\r\n\t\t\t\t\t\t\t\t\t\t\t\t\t\t\t\t<h3 class=\"box-title th-title\"><a href=\"\">Modern equipment<\/a><\/h3>\r\n\t\t\t\t\t\t\t\t<p class=\"service-item_text th-desc\">The modern equipment used advanced technology to improve.<\/p>\r\n\t\t\t\t\t\t\t\t<a href=\"\" class=\"line-btn\"><\/a>\r\n\t\t\t\t\t\t\t\t<h3 class=\"service-item_number\">02<\/h3>\r\n\t\t\t\t\t\t\t<\/div>\r\n\t\t\t\t\t\t<\/div>\r\n\t\t\t\t\t<\/div>\r\n\t\t\t\t\t\t\t\t\t<div class=\"col-md-6 col-lg-6 col-xl-4\">\r\n\t\t\t\t\t\t<div class=\"service-item style2 th-wrap\">\r\n\t\t\t\t\t\t\t<div class=\"service-item_img\">\r\n\t\t\t\t\t\t\t\t<img decoding=\"async\" src=\"https:\/\/themeholy.com\/wordpress\/logistik\/wp-content\/uploads\/2023\/08\/service_1_3.jpg\" alt=\"service_1_3\"  \/>\t\t\t\t\t\t\t<\/div>\r\n\t\t\t\t\t\t\t<div class=\"service-item_content\">\r\n\t\t\t\t\t\t\t\t\t\t\t\t\t\t\t\t\t<div class=\"service-icon\">\r\n\t\t\t\t\t\t\t\t\t\t<img decoding=\"async\" src=\"https:\/\/themeholy.com\/wordpress\/logistik\/wp-content\/uploads\/2023\/08\/service_1_3.svg\" alt=\"service_1_3\"  \/>\t\t\t\t\t\t\t\t\t<\/div>\r\n\t\t\t\t\t\t\t\t\t\t\t\t\t\t\t\t<h3 class=\"box-title th-title\"><a href=\"\">Shelves practices<\/a><\/h3>\r\n\t\t\t\t\t\t\t\t<a href=\"\" class=\"line-btn\"><\/a>\r\n\t\t\t\t\t\t\t<\/div>\r\n\t\t\t\t\t\t\t<div class=\"service-item_info\">\r\n\t\t\t\t\t\t\t\t\t\t\t\t\t\t\t\t\t<div class=\"service-icon\">\r\n\t\t\t\t\t\t\t\t\t\t<img decoding=\"async\" src=\"https:\/\/themeholy.com\/wordpress\/logistik\/wp-content\/uploads\/2023\/08\/service_1_3.svg\" alt=\"service_1_3\"  \/>\t\t\t\t\t\t\t\t\t<\/div>\r\n\t\t\t\t\t\t\t\t\t\t\t\t\t\t\t\t<h3 class=\"box-title th-title\"><a href=\"\">Shelves practices<\/a><\/h3>\r\n\t\t\t\t\t\t\t\t<p class=\"service-item_text th-desc\">The practical solutions from shelving to maximize space and organization<\/p>\r\n\t\t\t\t\t\t\t\t<a href=\"\" class=\"line-btn\"><\/a>\r\n\t\t\t\t\t\t\t\t<h3 class=\"service-item_number\">03<\/h3>\r\n\t\t\t\t\t\t\t<\/div>\r\n\t\t\t\t\t\t<\/div>\r\n\t\t\t\t\t<\/div>\r\n\t\t\t\t\t\t\t\t\t<div class=\"col-md-6 col-lg-6 col-xl-4\">\r\n\t\t\t\t\t\t<div class=\"service-item style2 th-wrap\">\r\n\t\t\t\t\t\t\t<div class=\"service-item_img\">\r\n\t\t\t\t\t\t\t\t<img decoding=\"async\" src=\"https:\/\/themeholy.com\/wordpress\/logistik\/wp-content\/uploads\/2023\/08\/service_1_5.jpg\" alt=\"service_1_5\"  \/>\t\t\t\t\t\t\t<\/div>\r\n\t\t\t\t\t\t\t<div class=\"service-item_content\">\r\n\t\t\t\t\t\t\t\t\t\t\t\t\t\t\t\t\t<div class=\"service-icon\">\r\n\t\t\t\t\t\t\t\t\t\t<img decoding=\"async\" src=\"https:\/\/themeholy.com\/wordpress\/logistik\/wp-content\/uploads\/2023\/08\/service_1_5.svg\" alt=\"service_1_5\"  \/>\t\t\t\t\t\t\t\t\t<\/div>\r\n\t\t\t\t\t\t\t\t\t\t\t\t\t\t\t\t<h3 class=\"box-title th-title\"><a href=\"https:\/\/themeholy.com\/wordpress\/logistik\/service-details\/\">Storage capacity<\/a><\/h3>\r\n\t\t\t\t\t\t\t\t<a href=\"https:\/\/themeholy.com\/wordpress\/logistik\/service-details\/\" class=\"line-btn\">Read more<i class=\"fa-solid fa-arrow-right\"><\/i><\/a>\r\n\t\t\t\t\t\t\t<\/div>\r\n\t\t\t\t\t\t\t<div class=\"service-item_info\">\r\n\t\t\t\t\t\t\t\t\t\t\t\t\t\t\t\t\t<div class=\"service-icon\">\r\n\t\t\t\t\t\t\t\t\t\t<img decoding=\"async\" src=\"https:\/\/themeholy.com\/wordpress\/logistik\/wp-content\/uploads\/2023\/08\/service_1_5.svg\" alt=\"service_1_5\"  \/>\t\t\t\t\t\t\t\t\t<\/div>\r\n\t\t\t\t\t\t\t\t\t\t\t\t\t\t\t\t<h3 class=\"box-title th-title\"><a href=\"https:\/\/themeholy.com\/wordpress\/logistik\/service-details\/\">Storage capacity<\/a><\/h3>\r\n\t\t\t\t\t\t\t\t<p class=\"service-item_text th-desc\">We have storage that is scalable to any requirement of your business<\/p>\r\n\t\t\t\t\t\t\t\t<a href=\"https:\/\/themeholy.com\/wordpress\/logistik\/service-details\/\" class=\"line-btn\">Read more<i class=\"fa-solid fa-arrow-right\"><\/i><\/a>\r\n\t\t\t\t\t\t\t\t<h3 class=\"service-item_number\">04<\/h3>\r\n\t\t\t\t\t\t\t<\/div>\r\n\t\t\t\t\t\t<\/div>\r\n\t\t\t\t\t<\/div>\r\n\t\t\t\t\t\t\t<\/div>\r\n\r\n    \t\t\t<\/div>\n\t\t\t\t<\/div>\n\t\t\t\t\t<\/div>\n\t\t<\/div>\n\t\t\t\t\t\t\t<\/div>\n\t\t<\/section>\n\t\t\t\t<section class=\"elementor-section elementor-top-section elementor-element elementor-element-7ce5dbe0 elementor-section-boxed elementor-section-height-default elementor-section-height-default\" data-id=\"7ce5dbe0\" data-element_type=\"section\">\n\t\t\t\t\t\t<div class=\"elementor-container elementor-column-gap-default\">\n\t\t\t\t\t<div class=\"elementor-column elementor-col-50 elementor-top-column elementor-element elementor-element-14a0e71d\" data-id=\"14a0e71d\" data-element_type=\"column\">\n\t\t\t<div class=\"elementor-widget-wrap elementor-element-populated\">\n\t\t\t\t\t\t\t\t<div class=\"elementor-element elementor-element-1ad6470d elementor-widget elementor-widget-logistiksectiontitle\" data-id=\"1ad6470d\" data-element_type=\"widget\" data-widget_type=\"logistiksectiontitle.default\">\n\t\t\t\t<div class=\"elementor-widget-container\">\n\t\t\t\t\t<div class=\"title-area\">\r\n\t\t\t\t \t\t\t<span class=\"sub-title th-sub\">\r\n\t\t\t\t\t<img decoding=\"async\" src=\"https:\/\/themeholy.com\/wordpress\/logistik\/wp-content\/uploads\/2023\/08\/title_left.svg\" alt=\"title_left\"  \/>About us\r\n\t \t\t\t<\/span>\r\n \t\t\t\t\t\t\r\n\t\t\t<h2 class=\"sec-title th-title\">We keep your products safe and sound.\n<\/h2>\t\t<\/div>\r\n\r\n\t\t\t<\/div>\n\t\t\t\t<\/div>\n\t\t\t\t<div class=\"elementor-element elementor-element-565c2f1c elementor-widget elementor-widget-logistikfeatures\" data-id=\"565c2f1c\" data-element_type=\"widget\" data-widget_type=\"logistikfeatures.default\">\n\t\t\t\t<div class=\"elementor-widget-container\">\n\t\t\t\r\n        \t\t\t<div class=\"achieve-about-wrapper\">\r\n\t\t\t\t\t\t\t\t\t<div class=\"achieve-about\">\r\n\t\t\t\t\t\t\t\t\t\t\t\t\t<div class=\"achieve-about_icon\">\r\n\t\t\t\t\t\t\t\t<i class=\"fa-duotone fa-check\"><\/i>\t\t\t\t\t\t\t<\/div>\r\n\t\t\t\t\t\t\t\t\t\t\t\t<div class=\"media-body\">\r\n\t\t\t\t\t\t\t<h3 class=\"achieve-about_title th-title\">Guaranteed security<\/h3>\r\n\t\t\t\t\t\t\t<p class=\"achieve-about_text th-desc\">Storage of cargo throughout the year.<\/p>\r\n\t\t\t\t\t\t<\/div>\r\n\t\t\t\t\t<\/div>\r\n\t\t\t\t\t\t\t<\/div>\r\n\r\n    \t\t\t<\/div>\n\t\t\t\t<\/div>\n\t\t\t\t<div class=\"elementor-element elementor-element-119a40c4 elementor-widget elementor-widget-logistikbutton\" data-id=\"119a40c4\" data-element_type=\"widget\" data-widget_type=\"logistikbutton.default\">\n\t\t\t\t<div class=\"elementor-widget-container\">\n\t\t\t<div class=\"btn-group btn-wrapper\"><a class=\"themeholy-btn th-btn\" href=\"https:\/\/cyfworldcargo.com\/en\/contacto\/\">Contact<i class=\"fa-solid fa-arrow-right\"><\/i><\/a><\/div>\t\t<\/div>\n\t\t\t\t<\/div>\n\t\t\t\t\t<\/div>\n\t\t<\/div>\n\t\t\t\t<div class=\"elementor-column elementor-col-50 elementor-top-column elementor-element elementor-element-35bb2111\" data-id=\"35bb2111\" data-element_type=\"column\">\n\t\t\t<div class=\"elementor-widget-wrap elementor-element-populated\">\n\t\t\t\t\t\t\t\t<div class=\"elementor-element elementor-element-4f906399 elementor-widget elementor-widget-logistikimage\" data-id=\"4f906399\" data-element_type=\"widget\" data-widget_type=\"logistikimage.default\">\n\t\t\t\t<div class=\"elementor-widget-container\">\n\t\t\t\r\n\t\t\t\t\t<div class=\"img-box6 pe-xl-5\">\r\n\t\t\t\t<div class=\"img1\">\r\n\t\t\t\t\t<img decoding=\"async\" src=\"https:\/\/themeholy.com\/wordpress\/logistik\/wp-content\/uploads\/2023\/08\/about_1.jpg\" alt=\"about_1\"  \/>\t\t\t\t<\/div>\r\n\t\t\t\t<div class=\"img2 movingX\">\r\n\t\t\t\t\t<img decoding=\"async\" src=\"https:\/\/themeholy.com\/wordpress\/logistik\/wp-content\/uploads\/2023\/08\/about_shape.png\" alt=\"about_shape\"  \/>\t\t\t\t<\/div>\r\n\t\t\t<\/div>\r\n\r\n\t\t\t\t<\/div>\n\t\t\t\t<\/div>\n\t\t\t\t\t<\/div>\n\t\t<\/div>\n\t\t\t\t\t\t\t<\/div>\n\t\t<\/section>\n\t\t\t\t<section class=\"elementor-section elementor-top-section elementor-element elementor-element-57288ece elementor-section-boxed elementor-section-height-default elementor-section-height-default\" data-id=\"57288ece\" data-element_type=\"section\" data-settings=\"{&quot;background_background&quot;:&quot;classic&quot;}\">\n\t\t\t\t\t\t<div class=\"elementor-container elementor-column-gap-no\">\n\t\t\t\t\t<div class=\"elementor-column elementor-col-100 elementor-top-column elementor-element elementor-element-77a5dd55\" data-id=\"77a5dd55\" data-element_type=\"column\">\n\t\t\t<div class=\"elementor-widget-wrap elementor-element-populated\">\n\t\t\t\t\t\t\t\t<div class=\"elementor-element elementor-element-f93d3cf elementor-widget elementor-widget-logistikcounterup\" data-id=\"f93d3cf\" data-element_type=\"widget\" data-widget_type=\"logistikcounterup.default\">\n\t\t\t\t<div class=\"elementor-widget-container\">\n\t\t\t\t\t\t\t\t<div class=\"row gy-40 justify-content-center\">\r\n\t\t\t\t\t\t\t\t<div class=\"col-sm-6 col-lg-3\">\r\n\t\t\t\t\t<div class=\"counter-card\">\r\n\t\t\t\t\t\t<div class=\"border-line\" data-bg-src=\"https:\/\/cyfworldcargo.com\/wp-content\/plugins\/logistik-core\/assets\/img\/line.svg\"><\/div>\r\n\t\t\t\t\t\t<div class=\"counter-card_icon\">\r\n\t\t\t\t\t\t\t<img decoding=\"async\" src=\"https:\/\/themeholy.com\/wordpress\/logistik\/wp-content\/uploads\/2023\/04\/location.svg\" alt=\"location\"  \/>\t\t\t\t\t\t<\/div>\r\n\t\t\t\t\t\t<h2 class=\"counter-card_number th-num\"><span class=\"counter-number\">189<\/span>+<\/h2>\r\n\t\t\t\t\t\t<p class=\"counter-card_text th-title\">Ports to which we operate<\/p>\r\n\t\t\t\t\t<\/div>\r\n\t\t\t\t<\/div>\r\n\t\t\t\t\t\t\t\t<div class=\"col-sm-6 col-lg-3\">\r\n\t\t\t\t\t<div class=\"counter-card\">\r\n\t\t\t\t\t\t<div class=\"border-line\" data-bg-src=\"https:\/\/cyfworldcargo.com\/wp-content\/plugins\/logistik-core\/assets\/img\/line.svg\"><\/div>\r\n\t\t\t\t\t\t<div class=\"counter-card_icon\">\r\n\t\t\t\t\t\t\t<img decoding=\"async\" src=\"https:\/\/themeholy.com\/wordpress\/logistik\/wp-content\/uploads\/2023\/04\/delivery-time.svg\" alt=\"delivery time\"  \/>\t\t\t\t\t\t<\/div>\r\n\t\t\t\t\t\t<h2 class=\"counter-card_number th-num\"><span class=\"counter-number\">9<\/span>k<\/h2>\r\n\t\t\t\t\t\t<p class=\"counter-card_text th-title\">Shipments<\/p>\r\n\t\t\t\t\t<\/div>\r\n\t\t\t\t<\/div>\r\n\t\t\t\t\t\t\t\t<div class=\"col-sm-6 col-lg-3\">\r\n\t\t\t\t\t<div class=\"counter-card\">\r\n\t\t\t\t\t\t<div class=\"border-line\" data-bg-src=\"https:\/\/cyfworldcargo.com\/wp-content\/plugins\/logistik-core\/assets\/img\/line.svg\"><\/div>\r\n\t\t\t\t\t\t<div class=\"counter-card_icon\">\r\n\t\t\t\t\t\t\t<img decoding=\"async\" src=\"https:\/\/themeholy.com\/wordpress\/logistik\/wp-content\/uploads\/2023\/04\/users.svg\" alt=\"users\"  \/>\t\t\t\t\t\t<\/div>\r\n\t\t\t\t\t\t<h2 class=\"counter-card_number th-num\"><span class=\"counter-number\">800<\/span>+<\/h2>\r\n\t\t\t\t\t\t<p class=\"counter-card_text th-title\">Satisfied customers<\/p>\r\n\t\t\t\t\t<\/div>\r\n\t\t\t\t<\/div>\r\n\t\t\t\t\t\t\t<\/div>\r\n\r\n    \t\t\t<\/div>\n\t\t\t\t<\/div>\n\t\t\t\t\t<\/div>\n\t\t<\/div>\n\t\t\t\t\t\t\t<\/div>\n\t\t<\/section>\n\t\t\t\t\t\t\t<\/div>","protected":false},"excerpt":{"rendered":"<p>Warehousing Su mejor proveedor de almac\u00e9n contactar NUESTROS SERVICIOS Servicios log\u00edsticos especializados Almacenamiento inteligente Almacenamiento inteligente Almacenamiento inteligente que optimiza la log\u00edstica mediante la automatizaci\u00f3n 01 Equipo moderno Equipo moderno Los equipos modernos emplean tecnolog\u00eda de punta para mejorar. 02 Estanter\u00edas pr\u00e1cticas Estanter\u00edas pr\u00e1cticas Las pr\u00e1cticas soluciones de estanter\u00edas maximizan el espacio y la organizaci\u00f3n&#8230;<\/p>","protected":false},"author":1,"featured_media":0,"parent":0,"menu_order":0,"comment_status":"closed","ping_status":"closed","template":"template-builder.php","meta":{"footnotes":""},"_links":{"self":[{"href":"https:\/\/cyfworldcargo.com\/en\/wp-json\/wp\/v2\/pages\/2233"}],"collection":[{"href":"https:\/\/cyfworldcargo.com\/en\/wp-json\/wp\/v2\/pages"}],"about":[{"href":"https:\/\/cyfworldcargo.com\/en\/wp-json\/wp\/v2\/types\/page"}],"author":[{"embeddable":true,"href":"https:\/\/cyfworldcargo.com\/en\/wp-json\/wp\/v2\/users\/1"}],"replies":[{"embeddable":true,"href":"https:\/\/cyfworldcargo.com\/en\/wp-json\/wp\/v2\/comments?post=2233"}],"version-history":[{"count":23,"href":"https:\/\/cyfworldcargo.com\/en\/wp-json\/wp\/v2\/pages\/2233\/revisions"}],"predecessor-version":[{"id":2617,"href":"https:\/\/cyfworldcargo.com\/en\/wp-json\/wp\/v2\/pages\/2233\/revisions\/2617"}],"wp:attachment":[{"href":"https:\/\/cyfworldcargo.com\/en\/wp-json\/wp\/v2\/media?parent=2233"}],"curies":[{"name":"wp","href":"https:\/\/api.w.org\/{rel}","templated":true}]}}