
{"id":2220,"date":"2023-04-11T02:59:16","date_gmt":"2023-04-11T02:59:16","guid":{"rendered":"https:\/\/themeholy.com\/wordpress\/logistik\/?page_id=16"},"modified":"2023-12-19T21:28:49","modified_gmt":"2023-12-19T20:28:49","slug":"nosotros","status":"publish","type":"page","link":"https:\/\/cyfworldcargo.com\/en\/nosotros\/","title":{"rendered":"Us"},"content":{"rendered":"<div data-elementor-type=\"wp-page\" data-elementor-id=\"2220\" class=\"elementor elementor-2220\">\n\t\t\t\t\t\t\t\t\t<section class=\"elementor-section elementor-top-section elementor-element elementor-element-7162b08 elementor-section-boxed elementor-section-height-default elementor-section-height-default\" data-id=\"7162b08\" data-element_type=\"section\">\n\t\t\t\t\t\t<div class=\"elementor-container elementor-column-gap-no\">\n\t\t\t\t\t<div class=\"elementor-column elementor-col-50 elementor-top-column elementor-element elementor-element-b052925\" data-id=\"b052925\" data-element_type=\"column\">\n\t\t\t<div class=\"elementor-widget-wrap elementor-element-populated\">\n\t\t\t\t\t\t\t\t<div class=\"elementor-element elementor-element-ea63b79 elementor-widget elementor-widget-logistiksectiontitle\" data-id=\"ea63b79\" data-element_type=\"widget\" data-widget_type=\"logistiksectiontitle.default\">\n\t\t\t\t<div class=\"elementor-widget-container\">\n\t\t\t\t\t<div class=\"title-area\">\r\n\t\t\t\t \t\t\t<span class=\"sub-title th-sub\">\r\n\t\t\t\t\t<img decoding=\"async\" src=\"https:\/\/themeholy.com\/wordpress\/logistik\/wp-content\/uploads\/2023\/04\/title_left.svg\" alt=\"title_left\"  \/>About us\r\n\t \t\t\t<\/span>\r\n \t\t\t\t\t\t\r\n\t\t\t<h2 class=\"sec-title th-title\">Our mission<\/h2>\t\t<\/div>\r\n\r\n\t\t\t<\/div>\n\t\t\t\t<\/div>\n\t\t\t\t<div class=\"elementor-element elementor-element-35aec3a elementor-widget elementor-widget-image\" data-id=\"35aec3a\" data-element_type=\"widget\" data-widget_type=\"image.default\">\n\t\t\t\t<div class=\"elementor-widget-container\">\n\t\t\t<style>\/*! elementor - v3.17.0 - 01-11-2023 *\/\n.elementor-widget-image{text-align:center}.elementor-widget-image a{display:inline-block}.elementor-widget-image a img[src$=\".svg\"]{width:48px}.elementor-widget-image img{vertical-align:middle;display:inline-block}<\/style>\t\t\t\t\t\t\t\t\t\t\t\t<img loading=\"lazy\" decoding=\"async\" width=\"580\" height=\"370\" src=\"https:\/\/cyfworldcargo.com\/wp-content\/uploads\/2023\/04\/about_3.jpg\" class=\"attachment-full size-full wp-image-295\" alt=\"\" srcset=\"https:\/\/cyfworldcargo.com\/wp-content\/uploads\/2023\/04\/about_3.jpg 580w, https:\/\/cyfworldcargo.com\/wp-content\/uploads\/2023\/04\/about_3-300x191.jpg 300w\" sizes=\"(max-width: 580px) 100vw, 580px\" \/>\t\t\t\t\t\t\t\t\t\t\t\t\t\t\t<\/div>\n\t\t\t\t<\/div>\n\t\t\t\t\t<\/div>\n\t\t<\/div>\n\t\t\t\t<div class=\"elementor-column elementor-col-50 elementor-top-column elementor-element elementor-element-cafe5cf\" data-id=\"cafe5cf\" data-element_type=\"column\">\n\t\t\t<div class=\"elementor-widget-wrap elementor-element-populated\">\n\t\t\t\t\t\t\t\t<div class=\"elementor-element elementor-element-787ba2c elementor-widget elementor-widget-text-editor\" data-id=\"787ba2c\" data-element_type=\"widget\" data-widget_type=\"text-editor.default\">\n\t\t\t\t<div class=\"elementor-widget-container\">\n\t\t\t<style>\/*! elementor - v3.17.0 - 01-11-2023 *\/\n.elementor-widget-text-editor.elementor-drop-cap-view-stacked .elementor-drop-cap{background-color:#69727d;color:#fff}.elementor-widget-text-editor.elementor-drop-cap-view-framed .elementor-drop-cap{color:#69727d;border:3px solid;background-color:transparent}.elementor-widget-text-editor:not(.elementor-drop-cap-view-default) .elementor-drop-cap{margin-top:8px}.elementor-widget-text-editor:not(.elementor-drop-cap-view-default) .elementor-drop-cap-letter{width:1em;height:1em}.elementor-widget-text-editor .elementor-drop-cap{float:left;text-align:center;line-height:1;font-size:50px}.elementor-widget-text-editor .elementor-drop-cap-letter{display:inline-block}<\/style>\t\t\t\t<p>We are a engaged in the transportation of goods via sea, air, and land at an international level offering a competitive service, personalized and secure.<\/p>\t\t\t\t\t\t<\/div>\n\t\t\t\t<\/div>\n\t\t\t\t<div class=\"elementor-element elementor-element-38271ed elementor-widget elementor-widget-logistikcounterup\" data-id=\"38271ed\" data-element_type=\"widget\" data-widget_type=\"logistikcounterup.default\">\n\t\t\t\t<div class=\"elementor-widget-container\">\n\t\t\t\t\t\t\t\t<div class=\"about-counter-wrap\">\r\n\t\t\t\t\t\t\t\t<div class=\"about-counter\">\r\n\t\t\t\t\t\t\t\t\t\t<div class=\"border-line\" data-bg-src=\"https:\/\/cyfworldcargo.com\/wp-content\/plugins\/logistik-core\/assets\/img\/line-2.svg\"><\/div>\r\n\t\t\t\t\t\t\t\t\t\t<div class=\"achive-about_icon\">\r\n\t\t\t\t\t\t<img decoding=\"async\" src=\"https:\/\/themeholy.com\/wordpress\/logistik\/wp-content\/uploads\/2023\/04\/shipping.svg\" alt=\"shipping\"  \/>\t\t\t\t\t<\/div>\r\n\t\t\t\t\t<div class=\"about-counter-content\">\r\n\t\t\t\t\t\t<h2 class=\"counter-card_number th-num\"><span class=\"counter-number\">800<\/span>+<\/h2>\r\n\t\t\t\t\t\t<p class=\"counter-card_text th-title\">Customers<\/p>\r\n\t\t\t\t\t<\/div>\r\n\t\t\t\t<\/div>\r\n\t\t\t\t\t\t\t\t<div class=\"about-counter\">\r\n\t\t\t\t\t\t\t\t\t\t<div class=\"achive-about_icon\">\r\n\t\t\t\t\t\t<img decoding=\"async\" src=\"https:\/\/themeholy.com\/wordpress\/logistik\/wp-content\/uploads\/2023\/04\/location.svg\" alt=\"location\"  \/>\t\t\t\t\t<\/div>\r\n\t\t\t\t\t<div class=\"about-counter-content\">\r\n\t\t\t\t\t\t<h2 class=\"counter-card_number th-num\"><span class=\"counter-number\">9<\/span>K<\/h2>\r\n\t\t\t\t\t\t<p class=\"counter-card_text th-title\">Shipping made<\/p>\r\n\t\t\t\t\t<\/div>\r\n\t\t\t\t<\/div>\r\n\t\t\t\t\t\t\t<\/div>\r\n\r\n\t\t\t\t<\/div>\n\t\t\t\t<\/div>\n\t\t\t\t\t<\/div>\n\t\t<\/div>\n\t\t\t\t\t\t\t<\/div>\n\t\t<\/section>\n\t\t\t\t<section class=\"elementor-section elementor-top-section elementor-element elementor-element-1abafec elementor-section-boxed elementor-section-height-default elementor-section-height-default\" data-id=\"1abafec\" data-element_type=\"section\">\n\t\t\t\t\t\t<div class=\"elementor-container elementor-column-gap-no\">\n\t\t\t\t\t<div class=\"elementor-column elementor-col-50 elementor-top-column elementor-element elementor-element-672a0ed\" data-id=\"672a0ed\" data-element_type=\"column\">\n\t\t\t<div class=\"elementor-widget-wrap elementor-element-populated\">\n\t\t\t\t\t\t\t\t<div class=\"elementor-element elementor-element-fa208ef elementor-widget elementor-widget-text-editor\" data-id=\"fa208ef\" data-element_type=\"widget\" data-widget_type=\"text-editor.default\">\n\t\t\t\t<div class=\"elementor-widget-container\">\n\t\t\t\t\t\t\t<p>We aim to be the best ally logistic to our clients, providing a portfolio of services, expedited, time and loyalty.<\/p>\t\t\t\t\t\t<\/div>\n\t\t\t\t<\/div>\n\t\t\t\t<div class=\"elementor-element elementor-element-e8ab912 elementor-widget elementor-widget-heading\" data-id=\"e8ab912\" data-element_type=\"widget\" data-widget_type=\"heading.default\">\n\t\t\t\t<div class=\"elementor-widget-container\">\n\t\t\t<style>\/*! elementor - v3.17.0 - 01-11-2023 *\/\n.elementor-heading-title{padding:0;margin:0;line-height:1}.elementor-widget-heading .elementor-heading-title[class*=elementor-size-]>a{color:inherit;font-size:inherit;line-height:inherit}.elementor-widget-heading .elementor-heading-title.elementor-size-small{font-size:15px}.elementor-widget-heading .elementor-heading-title.elementor-size-medium{font-size:19px}.elementor-widget-heading .elementor-heading-title.elementor-size-large{font-size:29px}.elementor-widget-heading .elementor-heading-title.elementor-size-xl{font-size:39px}.elementor-widget-heading .elementor-heading-title.elementor-size-xxl{font-size:59px}<\/style><h3 class=\"elementor-heading-title elementor-size-default\">Our commitment to our customers<\/h3>\t\t<\/div>\n\t\t\t\t<\/div>\n\t\t\t\t<div class=\"elementor-element elementor-element-34175bd elementor-icon-list--layout-traditional elementor-list-item-link-full_width elementor-widget elementor-widget-icon-list\" data-id=\"34175bd\" data-element_type=\"widget\" data-widget_type=\"icon-list.default\">\n\t\t\t\t<div class=\"elementor-widget-container\">\n\t\t\t<link rel=\"stylesheet\" href=\"https:\/\/cyfworldcargo.com\/wp-content\/plugins\/elementor\/assets\/css\/widget-icon-list.min.css\">\t\t<ul class=\"elementor-icon-list-items\">\n\t\t\t\t\t\t\t<li class=\"elementor-icon-list-item\">\n\t\t\t\t\t\t\t\t\t\t\t<span class=\"elementor-icon-list-icon\">\n\t\t\t\t\t\t\t<i aria-hidden=\"true\" class=\"fas fa-check-circle\"><\/i>\t\t\t\t\t\t<\/span>\n\t\t\t\t\t\t\t\t\t\t<span class=\"elementor-icon-list-text\">Honesty<\/span>\n\t\t\t\t\t\t\t\t\t<\/li>\n\t\t\t\t\t\t\t\t<li class=\"elementor-icon-list-item\">\n\t\t\t\t\t\t\t\t\t\t\t<span class=\"elementor-icon-list-icon\">\n\t\t\t\t\t\t\t<i aria-hidden=\"true\" class=\"fas fa-check-circle\"><\/i>\t\t\t\t\t\t<\/span>\n\t\t\t\t\t\t\t\t\t\t<span class=\"elementor-icon-list-text\">Communication<\/span>\n\t\t\t\t\t\t\t\t\t<\/li>\n\t\t\t\t\t\t\t\t<li class=\"elementor-icon-list-item\">\n\t\t\t\t\t\t\t\t\t\t\t<span class=\"elementor-icon-list-icon\">\n\t\t\t\t\t\t\t<i aria-hidden=\"true\" class=\"fas fa-check-circle\"><\/i>\t\t\t\t\t\t<\/span>\n\t\t\t\t\t\t\t\t\t\t<span class=\"elementor-icon-list-text\">Security<\/span>\n\t\t\t\t\t\t\t\t\t<\/li>\n\t\t\t\t\t\t\t\t<li class=\"elementor-icon-list-item\">\n\t\t\t\t\t\t\t\t\t\t\t<span class=\"elementor-icon-list-icon\">\n\t\t\t\t\t\t\t<i aria-hidden=\"true\" class=\"fas fa-check-circle\"><\/i>\t\t\t\t\t\t<\/span>\n\t\t\t\t\t\t\t\t\t\t<span class=\"elementor-icon-list-text\">Extra mile<\/span>\n\t\t\t\t\t\t\t\t\t<\/li>\n\t\t\t\t\t\t<\/ul>\n\t\t\t\t<\/div>\n\t\t\t\t<\/div>\n\t\t\t\t\t<\/div>\n\t\t<\/div>\n\t\t\t\t<div class=\"elementor-column elementor-col-50 elementor-top-column elementor-element elementor-element-dd1ed9f\" data-id=\"dd1ed9f\" data-element_type=\"column\">\n\t\t\t<div class=\"elementor-widget-wrap elementor-element-populated\">\n\t\t\t\t\t\t\t\t<div class=\"elementor-element elementor-element-ee13185 elementor-widget elementor-widget-logistiksectiontitle\" data-id=\"ee13185\" data-element_type=\"widget\" data-widget_type=\"logistiksectiontitle.default\">\n\t\t\t\t<div class=\"elementor-widget-container\">\n\t\t\t\t\t<div class=\"title-area\">\r\n\t\t\t\t \t\t\t<span class=\"sub-title th-sub\">\r\n\t\t\t\t\t<img decoding=\"async\" src=\"https:\/\/themeholy.com\/wordpress\/logistik\/wp-content\/uploads\/2023\/04\/title_left.svg\" alt=\"title_left\"  \/>Where we&#039;re heading\r\n\t \t\t\t<\/span>\r\n \t\t\t\t\t\t\r\n\t\t\t<h2 class=\"sec-title th-title\">Our vision<\/h2>\t\t<\/div>\r\n\r\n\t\t\t<\/div>\n\t\t\t\t<\/div>\n\t\t\t\t<div class=\"elementor-element elementor-element-e7a281a elementor-widget elementor-widget-image\" data-id=\"e7a281a\" data-element_type=\"widget\" data-widget_type=\"image.default\">\n\t\t\t\t<div class=\"elementor-widget-container\">\n\t\t\t\t\t\t\t\t\t\t\t\t\t\t\t<img loading=\"lazy\" decoding=\"async\" width=\"350\" height=\"400\" src=\"https:\/\/cyfworldcargo.com\/wp-content\/uploads\/2023\/08\/service_1_4.jpg\" class=\"attachment-full size-full wp-image-2162\" alt=\"\" srcset=\"https:\/\/cyfworldcargo.com\/wp-content\/uploads\/2023\/08\/service_1_4.jpg 350w, https:\/\/cyfworldcargo.com\/wp-content\/uploads\/2023\/08\/service_1_4-263x300.jpg 263w\" sizes=\"(max-width: 350px) 100vw, 350px\" \/>\t\t\t\t\t\t\t\t\t\t\t\t\t\t\t<\/div>\n\t\t\t\t<\/div>\n\t\t\t\t\t<\/div>\n\t\t<\/div>\n\t\t\t\t\t\t\t<\/div>\n\t\t<\/section>\n\t\t\t\t<section class=\"elementor-section elementor-top-section elementor-element elementor-element-1d9485d elementor-section-boxed elementor-section-height-default elementor-section-height-default\" data-id=\"1d9485d\" data-element_type=\"section\" data-settings=\"{&quot;background_background&quot;:&quot;classic&quot;}\">\n\t\t\t\t\t\t<div class=\"elementor-container elementor-column-gap-no\">\n\t\t\t\t\t<div class=\"elementor-column elementor-col-100 elementor-top-column elementor-element elementor-element-dd32aa6\" data-id=\"dd32aa6\" data-element_type=\"column\">\n\t\t\t<div class=\"elementor-widget-wrap elementor-element-populated\">\n\t\t\t\t\t\t\t\t<div class=\"elementor-element elementor-element-0334138 elementor-widget elementor-widget-logistiksectiontitle\" data-id=\"0334138\" data-element_type=\"widget\" data-widget_type=\"logistiksectiontitle.default\">\n\t\t\t\t<div class=\"elementor-widget-container\">\n\t\t\t\t\t<div class=\"title-area\">\r\n\t\t\t\t \t\t\t<span class=\"sub-title th-sub\">\r\n\t\t\t\t\t<img decoding=\"async\" src=\"https:\/\/themeholy.com\/wordpress\/logistik\/wp-content\/uploads\/2023\/04\/title_left.svg\" alt=\"title_left\"  \/>Benefits for our customers\r\n\t \t\t\t<\/span>\r\n \t\t\t\t\t\t\r\n\t\t\t<h2 class=\"sec-title th-title\">Profitability for your business<\/h2>\t\t<\/div>\r\n\r\n\t\t\t<\/div>\n\t\t\t\t<\/div>\n\t\t\t\t<div class=\"elementor-element elementor-element-c40baa3 elementor-widget elementor-widget-logistikservice\" data-id=\"c40baa3\" data-element_type=\"widget\" data-widget_type=\"logistikservice.default\">\n\t\t\t\t<div class=\"elementor-widget-container\">\n\t\t\t\r\n        \t\t\t<div class=\"feature-grid-wrap\">\r\n\t\t\t\t                <div class=\"feature-grid th-wrap\">\r\n                    <div class=\"feature-grid_icon\">\r\n\t\t\t\t\t\t<img decoding=\"async\" src=\"https:\/\/themeholy.com\/wordpress\/logistik\/wp-content\/uploads\/2023\/04\/feature_2_1.svg\" alt=\"feature_2_1\"  \/>                    <\/div>\r\n                    <div>\r\n                        <h3 class=\"feature-grid_title th-title\">We improve their costs<\/h3>\r\n                        <p class=\"feature-grid_text th-desc\">Minimize the risk of its operations<\/p>\r\n                    <\/div>\r\n                <\/div>\r\n\t\t\t\t                <div class=\"feature-grid th-wrap\">\r\n                    <div class=\"feature-grid_icon\">\r\n\t\t\t\t\t\t<img decoding=\"async\" src=\"https:\/\/themeholy.com\/wordpress\/logistik\/wp-content\/uploads\/2023\/04\/feature_2_2.svg\" alt=\"feature_2_2\"  \/>                    <\/div>\r\n                    <div>\r\n                        <h3 class=\"feature-grid_title th-title\">Times adjusted<\/h3>\r\n                        <p class=\"feature-grid_text th-desc\">We work with times adjusted to your needs<\/p>\r\n                    <\/div>\r\n                <\/div>\r\n\t\t\t\t                <div class=\"feature-grid th-wrap\">\r\n                    <div class=\"feature-grid_icon\">\r\n\t\t\t\t\t\t<img decoding=\"async\" src=\"https:\/\/themeholy.com\/wordpress\/logistik\/wp-content\/uploads\/2023\/04\/feature_2_3.svg\" alt=\"feature_2_3\"  \/>                    <\/div>\r\n                    <div>\r\n                        <h3 class=\"feature-grid_title th-title\">Personalized attention<\/h3>\r\n                        <p class=\"feature-grid_text th-desc\">Our agents are professionals of high level<\/p>\r\n                    <\/div>\r\n                <\/div>\r\n\t\t\t\t                <div class=\"feature-grid th-wrap\">\r\n                    <div class=\"feature-grid_icon\">\r\n\t\t\t\t\t\t<img decoding=\"async\" src=\"https:\/\/themeholy.com\/wordpress\/logistik\/wp-content\/uploads\/2023\/04\/feature_2_4.svg\" alt=\"feature_2_4\"  \/>                    <\/div>\r\n                    <div>\r\n                        <h3 class=\"feature-grid_title th-title\">Support and follow-up<\/h3>\r\n                        <p class=\"feature-grid_text th-desc\">Account with us as trusted partners<\/p>\r\n                    <\/div>\r\n                <\/div>\r\n\t\t\t\t            <\/div>\r\n\r\n\t\t\t\t<\/div>\n\t\t\t\t<\/div>\n\t\t\t\t\t<\/div>\n\t\t<\/div>\n\t\t\t\t\t\t\t<\/div>\n\t\t<\/section>\n\t\t\t\t<section class=\"elementor-section elementor-top-section elementor-element elementor-element-d2ff8e7 elementor-section-boxed elementor-section-height-default elementor-section-height-default\" data-id=\"d2ff8e7\" data-element_type=\"section\">\n\t\t\t\t\t\t<div class=\"elementor-container elementor-column-gap-no\">\n\t\t\t\t\t<div class=\"elementor-column elementor-col-50 elementor-top-column elementor-element elementor-element-75b7e2d\" data-id=\"75b7e2d\" data-element_type=\"column\">\n\t\t\t<div class=\"elementor-widget-wrap elementor-element-populated\">\n\t\t\t\t\t\t\t\t<div class=\"elementor-element elementor-element-9fe4347 elementor-widget elementor-widget-logistikcontactform\" data-id=\"9fe4347\" data-element_type=\"widget\" data-widget_type=\"logistikcontactform.default\">\n\t\t\t\t<div class=\"elementor-widget-container\">\n\t\t\t\t\t\t\t\t<div class=\"service-form-wrap\">\r\n\t\t\t\t<div class=\"service-form  th-bg ajax-contact\">\r\n\t\t\t\t\t<h3 class=\"fs-24 mb-30 mt-n1 text-white th-title\">Request a quote<\/h3>\r\n\t\t\t\t\t\n<div class=\"wpcf7 no-js\" id=\"wpcf7-f1531-o1\" lang=\"en-US\" dir=\"ltr\">\n<div class=\"screen-reader-response\"><p role=\"status\" aria-live=\"polite\" aria-atomic=\"true\"><\/p> <ul><\/ul><\/div>\n<form action=\"\/en\/wp-json\/wp\/v2\/pages\/2220#wpcf7-f1531-o1\" method=\"post\" class=\"wpcf7-form init\" aria-label=\"Contact form\" novalidate=\"novalidate\" data-status=\"init\" data-trp-original-action=\"\/en\/wp-json\/wp\/v2\/pages\/2220#wpcf7-f1531-o1\">\n<div style=\"display: none;\">\n<input type=\"hidden\" name=\"_wpcf7\" value=\"1531\" \/>\n<input type=\"hidden\" name=\"_wpcf7_version\" value=\"5.8.2\" \/>\n<input type=\"hidden\" name=\"_wpcf7_locale\" value=\"en_US\" \/>\n<input type=\"hidden\" name=\"_wpcf7_unit_tag\" value=\"wpcf7-f1531-o1\" \/>\n<input type=\"hidden\" name=\"_wpcf7_container_post\" value=\"0\" \/>\n<input type=\"hidden\" name=\"_wpcf7_posted_data_hash\" value=\"\" \/>\n<\/div>\n<div class=\"row\">\n\t<div class=\"form-group col-md-6\">\n<span class=\"wpcf7-form-control-wrap\" data-name=\"name312\"><input size=\"40\" class=\"wpcf7-form-control wpcf7-text wpcf7-validates-as-required form-control\" id=\"name312\" aria-required=\"true\" aria-invalid=\"false\" placeholder=\"Name\" value=\"\" type=\"text\" name=\"name312\" \/><\/span>\n<i class=\"fal fa-user\"><\/i>\n\t<\/div>\n\t<div class=\"form-group col-md-6\">\n<span class=\"wpcf7-form-control-wrap\" data-name=\"email412\"><input size=\"40\" class=\"wpcf7-form-control wpcf7-email wpcf7-validates-as-required wpcf7-text wpcf7-validates-as-email form-control\" id=\"email412\" aria-required=\"true\" aria-invalid=\"false\" placeholder=\"Email\" value=\"\" type=\"email\" name=\"email412\" \/><\/span>\n<i class=\"fal fa-envelope\"><\/i>\n\t<\/div>\n\t<div class=\"form-group col-12\">\n<span class=\"wpcf7-form-control-wrap\" data-name=\"name75\"><input size=\"40\" class=\"wpcf7-form-control wpcf7-text wpcf7-validates-as-required form-control\" id=\"name75\" aria-required=\"true\" aria-invalid=\"false\" placeholder=\"Phone\" value=\"\" type=\"text\" name=\"name75\" \/><\/span>\n<i class=\"fa-regular fa-phone\"><\/i>\n\t<\/div>\n\t<div class=\"form-group col-12\">\n\t\t<i class=\"fa-regular fa-comments\"><\/i>\n<span class=\"wpcf7-form-control-wrap\" data-name=\"textarea-85\"><textarea cols=\"40\" rows=\"10\" class=\"wpcf7-form-control wpcf7-textarea wpcf7-validates-as-required form-control style3\" id=\"textarea-85\" aria-required=\"true\" aria-invalid=\"false\" placeholder=\"Message\" name=\"textarea-85\"><\/textarea><\/span>\n\t<\/div>\n\t<div class=\"btn-group justify-content-center\">\n\t\t<button class=\"themeholy-btn th-btn btn-fw justify-content-center wpcf7\">Send<span class=\"icon\"><i class=\"fa-sharp fa-regular fa-paper-plane\"><\/i><\/span><\/button>\n\t<\/div>\n<\/div>\n<p class=\"form-messages mb-0 mt-3\"><\/p><div class=\"wpcf7-response-output\" aria-hidden=\"true\"><\/div>\n<input type=\"hidden\" name=\"trp-form-language\" value=\"en\"\/><\/form>\n<\/div>\n\t\t\t\t<\/div>\r\n\t\t\t<\/div>\r\n\t    \t \r\n\t    \t\t<\/div>\n\t\t\t\t<\/div>\n\t\t\t\t\t<\/div>\n\t\t<\/div>\n\t\t\t\t<div class=\"elementor-column elementor-col-50 elementor-top-column elementor-element elementor-element-1bdd55e\" data-id=\"1bdd55e\" data-element_type=\"column\" data-settings=\"{&quot;background_background&quot;:&quot;classic&quot;}\">\n\t\t\t<div class=\"elementor-widget-wrap elementor-element-populated\">\n\t\t\t\t\t\t\t\t<div class=\"elementor-element elementor-element-89bb561 elementor-widget elementor-widget-logistikfaq\" data-id=\"89bb561\" data-element_type=\"widget\" data-widget_type=\"logistikfaq.default\">\n\t\t\t\t<div class=\"elementor-widget-container\">\n\t\t\t\t\t\r\n\t\t\t<div class=\"accordion-area accordion\" id=\"faqAccordion1\">\r\n\t\t\t\t\t\t\t\t<div class=\"accordion-card\">\r\n\t\t\t\t\t\t\t\t\t\t<div class=\"accordion-header\" id=\"collapse-item-69e178470f6b1\">\r\n\t\t\t\t\t\t<button class=\"accordion-button\" type=\"button\" data-bs-toggle=\"collapse\"\r\n\t\t\t\t\t\t\tdata-bs-target=\"#collapse-69e178470f6b1\" aria-expanded=\"true\" aria-controls=\"collapse-69e178470f6b1\">How do you determine the cost of transportation by road? <\/button>\r\n\t\t\t\t\t<\/div>\r\n\t\t\t\t\t\t\t\t\t\t\t\t\t\t\t<div id=\"collapse-69e178470f6b1\" class=\"accordion-collapse collapse show\"\r\n\t\t\t\t\t\taria-labelledby=\"collapse-item-69e178470f6b1\" data-bs-parent=\"#faqAccordion1\">\r\n\t\t\t\t\t\t<div class=\"accordion-body\">\r\n\t\t\t\t\t\t\t<p>The cost of road transport can be influenced by several factors, such as the distance, the weight and the size of the load, fuel costs, tolls, taxes and any additional services required, such as loading or unloading. In addition, the supply and demand of the market can affect prices.<\/p>\t\t\t\t\t\t<\/div>\r\n\t\t\t\t\t<\/div>\r\n\t\t\t\t\t\t\t\t\t<\/div>\r\n\t\t\t\t\t\t\t\t<div class=\"accordion-card\">\r\n\t\t\t\t\t\t\t\t\t\t<div class=\"accordion-header\" id=\"collapse-item-69e178470f73a\">\r\n\t\t\t\t\t\t<button class=\"accordion-button collapsed\" type=\"button\" data-bs-toggle=\"collapse\"\r\n\t\t\t\t\t\t\tdata-bs-target=\"#collapse-69e178470f73a\" aria-expanded=\"false\" aria-controls=\"collapse-69e178470f73a\">What are the advantages of sea transport? <\/button>\r\n\t\t\t\t\t<\/div>\r\n\t\t\t\t\t\t\t\t\t\t\t\t\t\t\t<div id=\"collapse-69e178470f73a\" class=\"accordion-collapse collapse\"\r\n\t\t\t\t\t\taria-labelledby=\"collapse-item-69e178470f73a\" data-bs-parent=\"#faqAccordion1\">\r\n\t\t\t\t\t\t<div class=\"accordion-body\">\r\n\t\t\t\t\t\t\t<p>Returns for items big and bulky or for shipments of long distance. The capacity to carry a large volume of goods at the same time. Availability of various types of ships for different types of cargo. Relatively low risk of cargo theft or damage in comparison with other modes of transport.<\/p>\t\t\t\t\t\t<\/div>\r\n\t\t\t\t\t<\/div>\r\n\t\t\t\t\t\t\t\t\t<\/div>\r\n\t\t\t\t\t\t\t\t<div class=\"accordion-card\">\r\n\t\t\t\t\t\t\t\t\t\t<div class=\"accordion-header\" id=\"collapse-item-69e178470f780\">\r\n\t\t\t\t\t\t<button class=\"accordion-button collapsed\" type=\"button\" data-bs-toggle=\"collapse\"\r\n\t\t\t\t\t\t\tdata-bs-target=\"#collapse-69e178470f780\" aria-expanded=\"false\" aria-controls=\"collapse-69e178470f780\">What are the advantages of air transport? <\/button>\r\n\t\t\t\t\t<\/div>\r\n\t\t\t\t\t\t\t\t\t\t\t\t\t\t\t<div id=\"collapse-69e178470f780\" class=\"accordion-collapse collapse\"\r\n\t\t\t\t\t\taria-labelledby=\"collapse-item-69e178470f780\" data-bs-parent=\"#faqAccordion1\">\r\n\t\t\t\t\t\t<div class=\"accordion-body\">\r\n\t\t\t\t\t\t\t<p>The advantages of air transport, which include speed, reliability, and security. The air transport is often the fastest way to transport goods over long distances and provides more guarantee than other means of transportation.<\/p>\t\t\t\t\t\t<\/div>\r\n\t\t\t\t\t<\/div>\r\n\t\t\t\t\t\t\t\t\t<\/div>\r\n\t\t\t\t\t\t\t<\/div>\r\n\r\n        \t\t<\/div>\n\t\t\t\t<\/div>\n\t\t\t\t\t<\/div>\n\t\t<\/div>\n\t\t\t\t\t\t\t<\/div>\n\t\t<\/section>\n\t\t\t\t\t\t\t<\/div>","protected":false},"excerpt":{"rendered":"<p>Sobre nosotros Nuestra misi\u00f3n Somos una dedicada al transporte de mercanc\u00eda, v\u00eda mar\u00edtima, a\u00e9rea y terrestre a nivel internacional ofreciendo un servicio competitivo, personalizado y seguro. 800+ Clientes 9K Envios realizados Tenemos por objetivo ser el mejor aliado log\u00edstico a los clientes, brind\u00e1ndoles un portafolio con servicios expeditos, en tiempo y fidelizaci\u00f3n. Compromiso con nuestros&#8230;<\/p>","protected":false},"author":1,"featured_media":0,"parent":0,"menu_order":0,"comment_status":"closed","ping_status":"closed","template":"template-builder.php","meta":{"footnotes":""},"_links":{"self":[{"href":"https:\/\/cyfworldcargo.com\/en\/wp-json\/wp\/v2\/pages\/2220"}],"collection":[{"href":"https:\/\/cyfworldcargo.com\/en\/wp-json\/wp\/v2\/pages"}],"about":[{"href":"https:\/\/cyfworldcargo.com\/en\/wp-json\/wp\/v2\/types\/page"}],"author":[{"embeddable":true,"href":"https:\/\/cyfworldcargo.com\/en\/wp-json\/wp\/v2\/users\/1"}],"replies":[{"embeddable":true,"href":"https:\/\/cyfworldcargo.com\/en\/wp-json\/wp\/v2\/comments?post=2220"}],"version-history":[{"count":14,"href":"https:\/\/cyfworldcargo.com\/en\/wp-json\/wp\/v2\/pages\/2220\/revisions"}],"predecessor-version":[{"id":2605,"href":"https:\/\/cyfworldcargo.com\/en\/wp-json\/wp\/v2\/pages\/2220\/revisions\/2605"}],"wp:attachment":[{"href":"https:\/\/cyfworldcargo.com\/en\/wp-json\/wp\/v2\/media?parent=2220"}],"curies":[{"name":"wp","href":"https:\/\/api.w.org\/{rel}","templated":true}]}}