
{"id":2219,"date":"2023-04-11T02:59:09","date_gmt":"2023-04-11T02:59:09","guid":{"rendered":"https:\/\/themeholy.com\/wordpress\/logistik\/?page_id=15"},"modified":"2023-12-19T21:35:28","modified_gmt":"2023-12-19T20:35:28","slug":"transporte-areo","status":"publish","type":"page","link":"https:\/\/cyfworldcargo.com\/en\/transporte-areo\/","title":{"rendered":"TRANSPORTE AREO"},"content":{"rendered":"<div data-elementor-type=\"wp-page\" data-elementor-id=\"2219\" class=\"elementor elementor-2219\">\n\t\t\t\t\t\t\t\t\t<section class=\"elementor-section elementor-top-section elementor-element elementor-element-98dc7c5 elementor-section-full_width elementor-section-height-default elementor-section-height-default\" data-id=\"98dc7c5\" data-element_type=\"section\">\n\t\t\t\t\t\t<div class=\"elementor-container elementor-column-gap-no\">\n\t\t\t\t\t<div class=\"elementor-column elementor-col-100 elementor-top-column elementor-element elementor-element-6085490\" data-id=\"6085490\" data-element_type=\"column\">\n\t\t\t<div class=\"elementor-widget-wrap elementor-element-populated\">\n\t\t\t\t\t\t\t\t<div class=\"elementor-element elementor-element-21e58bb elementor-widget elementor-widget-logistikbanner\" data-id=\"21e58bb\" data-element_type=\"widget\" data-widget_type=\"logistikbanner.default\">\n\t\t\t\t<div class=\"elementor-widget-container\">\n\t\t\t\t\t\t<section class=\"themeholy-hero-wrapper hero-1\" id=\"hero\">\r\n\t\t\t<div class=\"heroSlider hero-slider-1\">\r\n\t\t\t\t\t\t\t\t<div class=\"themeholy-hero-slide\" data-bg-src=\"https:\/\/themeholy.com\/wordpress\/logistik\/wp-content\/uploads\/2023\/04\/hero_bg_3_1.jpeg\">\r\n\t\t\t\t\t<div class=\"container\">\r\n\t\t\t\t\t\t<div class=\"hero-style1\">\r\n\t\t\t\t\t\t\t<span class=\"hero-subtitle th-sub\">\r\n\t\t\t\t\t\t\t\t<img decoding=\"async\" src=\"https:\/\/themeholy.com\/wordpress\/logistik\/wp-content\/uploads\/2023\/04\/title_left.svg\" alt=\"title_left\"  \/>\t\t\t\t\t\t\t\tTHE BEST CARGO SERVICE BY AIR\t\t\t\t\t\t\t<\/span>\r\n\t\t\t\t\t\t\t<h1 class=\"hero-title th-title\">shipments aereos<\/h1>\r\n\t\t\t\t\t\t\t<p class=\"hero-text th-desc\"><\/p>\r\n\r\n\t\t\t\t\t\t\t<div class=\"btn-group\">\r\n\t\t\t\t\t\t\t\t\r\n\t\t\t\t\t\t\t<a href=\"https:\/\/cyfworldcargo.com\/en\/contacto\/\" class=\"themeholy-btn th_btn\">CONTACT<span class=\"icon\"><i class=\"fa-sharp fa-regular fa-paper-plane\"><\/i><\/span><\/a>\r\n\t\t\t\t\t\t\t\t\t\t\t\t\t\t\t\t\t\t\t\t\t<\/div>\r\n\t\t\t\t\t\t<\/div>\r\n\t\t\t\t\t<\/div>\r\n\t\t\t\t<\/div>\r\n\t\t\t\t\t\t\t<\/div>\r\n\t\t\t<div class=\"indicator-number\">\r\n\t\t\t\t<div class=\"indicator-wrapper\">\r\n\t\t\t\t\t<div class=\"number-pagination\">0<span class=\"pagingInfo1\"><\/span><\/div>\r\n\t\t\t\t\t<div class=\"progress-wrapper\">\r\n\t\t\t\t\t\t<div class=\"progress\" role=\"progressbar\" aria-valuemin=\"0\" aria-valuemax=\"100\">\r\n\t\t\t\t\t\t\t<span class=\"slider__label sr-only\"><\/span>\r\n\t\t\t\t\t\t<\/div>\r\n\t\t\t\t\t<\/div>\r\n\t\t\t\t\t<div class=\"total-pagination\">0<span class=\"pagingInfo2\"><\/span><\/div>\r\n\t\t\t\t<\/div>\r\n\t\t\t<\/div>\r\n\t\t<\/section>\r\n\r\n\t\t\t<\/div>\n\t\t\t\t<\/div>\n\t\t\t\t\t<\/div>\n\t\t<\/div>\n\t\t\t\t\t\t\t<\/div>\n\t\t<\/section>\n\t\t\t\t<section class=\"elementor-section elementor-top-section elementor-element elementor-element-d4f430b elementor-section-boxed elementor-section-height-default elementor-section-height-default\" data-id=\"d4f430b\" data-element_type=\"section\">\n\t\t\t\t\t\t<div class=\"elementor-container elementor-column-gap-no\">\n\t\t\t\t\t<div class=\"elementor-column elementor-col-50 elementor-top-column elementor-element elementor-element-b27e2ef\" data-id=\"b27e2ef\" data-element_type=\"column\">\n\t\t\t<div class=\"elementor-widget-wrap elementor-element-populated\">\n\t\t\t\t\t\t\t\t<div class=\"elementor-element elementor-element-1aea14f elementor-widget elementor-widget-logistikimage\" data-id=\"1aea14f\" data-element_type=\"widget\" data-widget_type=\"logistikimage.default\">\n\t\t\t\t<div class=\"elementor-widget-container\">\n\t\t\t\r\n\t\t\t\t\t<div class=\"img-box4\">\r\n\t\t\t\t<div class=\"img4 th-img\">\r\n\t\t\t\t\t<img decoding=\"async\" src=\"https:\/\/themeholy.com\/wordpress\/logistik\/wp-content\/uploads\/2023\/04\/about_4.jpg\" alt=\"about_4\"  \/>\t\t\t\t<\/div>\r\n\t\t\t\t<div class=\"about-counter bounce-slide\">\r\n\t\t\t\t\t<h2 class=\"counter-card_number th-title\"><span class=\"counter-number\">3500<\/span>+<\/h2>\r\n\t\t\t\t\t<p class=\"counter-card_text th-desc\">Shipments<\/p>\r\n\t\t\t\t<\/div>\r\n\t\t\t<\/div>\r\n\r\n\t\t\t\t<\/div>\n\t\t\t\t<\/div>\n\t\t\t\t\t<\/div>\n\t\t<\/div>\n\t\t\t\t<div class=\"elementor-column elementor-col-50 elementor-top-column elementor-element elementor-element-eadbc08\" data-id=\"eadbc08\" data-element_type=\"column\">\n\t\t\t<div class=\"elementor-widget-wrap elementor-element-populated\">\n\t\t\t\t\t\t\t\t<div class=\"elementor-element elementor-element-9e2914d elementor-widget elementor-widget-logistiksectiontitle\" data-id=\"9e2914d\" data-element_type=\"widget\" data-widget_type=\"logistiksectiontitle.default\">\n\t\t\t\t<div class=\"elementor-widget-container\">\n\t\t\t\t\t<div class=\"title-area\">\r\n\t\t\t\t \t\t\t<span class=\"sub-title th-sub\">\r\n\t\t\t\t\t<img decoding=\"async\" src=\"https:\/\/themeholy.com\/wordpress\/logistik\/wp-content\/uploads\/2023\/04\/title_left.svg\" alt=\"title_left\"  \/>shipments aereos\r\n\t \t\t\t<\/span>\r\n \t\t\t\t\t\t\r\n\t\t\t<h2 class=\"sec-title th-title\">The best service of air shipments<\/h2><p class=\"th-desc\">We&#039;re making your logistics operation by air, leave your sent in the hands of professionals and do not make mistakes. With us your cargo is always safe and you will be able to track all the way.<\/p>\t\t<\/div>\r\n\r\n\t\t\t<\/div>\n\t\t\t\t<\/div>\n\t\t\t\t<div class=\"elementor-element elementor-element-d2f2db4 elementor-widget elementor-widget-logistikinfobox\" data-id=\"d2f2db4\" data-element_type=\"widget\" data-widget_type=\"logistikinfobox.default\">\n\t\t\t\t<div class=\"elementor-widget-container\">\n\t\t\t\r\n        \t\t\t<div class=\"about-wrap\">\r\n\t\t\t\t\t\t\t\t\t<div class=\"about-content\">\r\n\t\t\t\t\t\t\t\t\t\t\t\t<div class=\"about_icon\">\r\n\t\t\t\t\t\t\t<img decoding=\"async\" src=\"https:\/\/themeholy.com\/wordpress\/logistik\/wp-content\/uploads\/2023\/04\/about_3_1.svg\" alt=\"about_3_1\"  \/>\t\t\t\t\t\t<\/div>\r\n\t\t\t\t\t\t\t\t\t\t\t\t<div class=\"media-body\">\r\n\t\t\t\t\t\t\t<h3 class=\"about_title th-title\">International Shipping<\/h3>\r\n\t\t\t\t\t\t\t<p class=\"about_text th-desc\">Shipping to more than 118 countries, your cargo is always safe.<\/p>\r\n\t\t\t\t\t\t<\/div>\r\n\t\t\t\t\t<\/div>\r\n\t\t\t\t\t\t\t\t\t<div class=\"about-content\">\r\n\t\t\t\t\t\t\t\t\t\t\t\t<div class=\"about_icon\">\r\n\t\t\t\t\t\t\t<img decoding=\"async\" src=\"https:\/\/themeholy.com\/wordpress\/logistik\/wp-content\/uploads\/2023\/04\/about_3_2.svg\" alt=\"about_3_2\"  \/>\t\t\t\t\t\t<\/div>\r\n\t\t\t\t\t\t\t\t\t\t\t\t<div class=\"media-body\">\r\n\t\t\t\t\t\t\t<h3 class=\"about_title th-title\">Customs included<\/h3>\r\n\t\t\t\t\t\t\t<p class=\"about_text th-desc\">We take care of your customs clearance, and we&#039;ll keep you informed at all times.<\/p>\r\n\t\t\t\t\t\t<\/div>\r\n\t\t\t\t\t<\/div>\r\n\t\t\t\t\t\t\t<\/div>\r\n\r\n\t\t\t\t<\/div>\n\t\t\t\t<\/div>\n\t\t\t\t\t<\/div>\n\t\t<\/div>\n\t\t\t\t\t\t\t<\/div>\n\t\t<\/section>\n\t\t\t\t<section class=\"elementor-section elementor-top-section elementor-element elementor-element-99ca132 elementor-section-content-middle elementor-section-boxed elementor-section-height-default elementor-section-height-default\" data-id=\"99ca132\" data-element_type=\"section\" data-settings=\"{&quot;background_background&quot;:&quot;classic&quot;}\">\n\t\t\t\t\t\t\t<div class=\"elementor-background-overlay\"><\/div>\n\t\t\t\t\t\t\t<div class=\"elementor-container elementor-column-gap-no\">\n\t\t\t\t\t<div class=\"elementor-column elementor-col-50 elementor-top-column elementor-element elementor-element-2f7ab22\" data-id=\"2f7ab22\" data-element_type=\"column\">\n\t\t\t<div class=\"elementor-widget-wrap elementor-element-populated\">\n\t\t\t\t\t\t\t\t<div class=\"elementor-element elementor-element-1d37ed5 elementor-widget elementor-widget-logistiksectiontitle\" data-id=\"1d37ed5\" data-element_type=\"widget\" data-widget_type=\"logistiksectiontitle.default\">\n\t\t\t\t<div class=\"elementor-widget-container\">\n\t\t\t\t\t<div class=\"title-area\">\r\n\t\t\t\t \t\t\t<span class=\"sub-title th-sub\">\r\n\t\t\t\t\t<img decoding=\"async\" src=\"https:\/\/themeholy.com\/wordpress\/logistik\/wp-content\/uploads\/2023\/04\/title_left.svg\" alt=\"title_left\"  \/>account with us \r\n\t \t\t\t<\/span>\r\n \t\t\t\t\t\t\r\n\t\t\t<h2 class=\"sec-title th-title\">Your budget, free and without commitment<\/h2>\t\t<\/div>\r\n\r\n\t\t\t<\/div>\n\t\t\t\t<\/div>\n\t\t\t\t\t<\/div>\n\t\t<\/div>\n\t\t\t\t<div class=\"elementor-column elementor-col-50 elementor-top-column elementor-element elementor-element-d4df79c\" data-id=\"d4df79c\" data-element_type=\"column\">\n\t\t\t<div class=\"elementor-widget-wrap elementor-element-populated\">\n\t\t\t\t\t\t\t\t<div class=\"elementor-element elementor-element-5866612 elementor-widget elementor-widget-logistikbutton\" data-id=\"5866612\" data-element_type=\"widget\" data-widget_type=\"logistikbutton.default\">\n\t\t\t\t<div class=\"elementor-widget-container\">\n\t\t\t<div class=\"btn-group btn-wrapper\"><a class=\"themeholy-btn th-btn\" href=\"https:\/\/cyfworldcargo.com\/en\/contacto\/\">Contact<span class=\"icon\"><i class=\"fa-sharp fa-regular fa-paper-plane\"><\/i><\/span><\/a><\/div>\t\t<\/div>\n\t\t\t\t<\/div>\n\t\t\t\t\t<\/div>\n\t\t<\/div>\n\t\t\t\t\t\t\t<\/div>\n\t\t<\/section>\n\t\t\t\t<section class=\"elementor-section elementor-top-section elementor-element elementor-element-94980cd elementor-section-boxed elementor-section-height-default elementor-section-height-default\" data-id=\"94980cd\" data-element_type=\"section\" data-settings=\"{&quot;background_background&quot;:&quot;classic&quot;}\">\n\t\t\t\t\t\t<div class=\"elementor-container elementor-column-gap-no\">\n\t\t\t\t\t<div class=\"elementor-column elementor-col-100 elementor-top-column elementor-element elementor-element-9fbe62d\" data-id=\"9fbe62d\" data-element_type=\"column\">\n\t\t\t<div class=\"elementor-widget-wrap elementor-element-populated\">\n\t\t\t\t\t\t\t\t<div class=\"elementor-element elementor-element-1802dc2 elementor-widget elementor-widget-logistiksectiontitle\" data-id=\"1802dc2\" data-element_type=\"widget\" data-widget_type=\"logistiksectiontitle.default\">\n\t\t\t\t<div class=\"elementor-widget-container\">\n\t\t\t\t\t<div class=\"title-area\">\r\n\t\t\t\t \t\t\t<span class=\"sub-title th-sub\">\r\n\t\t\t\t\t<img decoding=\"async\" src=\"https:\/\/themeholy.com\/wordpress\/logistik\/wp-content\/uploads\/2023\/04\/title_left.svg\" alt=\"title_left\"  \/>OUR SERVICES\r\n\t \t\t\t<\/span>\r\n \t\t\t\t\t\t\r\n\t\t\t<h2 class=\"sec-title th-title\">Specialist in logistics services<\/h2>\t\t<\/div>\r\n\r\n\t\t\t<\/div>\n\t\t\t\t<\/div>\n\t\t\t\t<div class=\"elementor-element elementor-element-4cc1ed9 elementor-widget elementor-widget-logistikservice\" data-id=\"4cc1ed9\" data-element_type=\"widget\" data-widget_type=\"logistikservice.default\">\n\t\t\t\t<div class=\"elementor-widget-container\">\n\t\t\t\r\n        \t\t\t\t\t\t<div class=\"row slider-shadow themeholy-carousel arrow-wrap\" data-slide-show=\"3\" data-lg-slide-show=\"2\" data-md-slide-show=\"2\" data-sm-slide-show=\"1\" data-xs-slide-show=\"1\" data-arrows=\"true\">\r\n\t\t\t\t\t\t\t\t\t\t\t<div class=\"col-md-6 col-lg-6 col-xl-4\">\r\n\t\t\t\t\t<div class=\"service-box th-wrap\">\r\n\t\t\t\t\t\t<div class=\"service-box_img\">\r\n\t\t\t\t\t\t\t<img decoding=\"async\" src=\"https:\/\/themeholy.com\/wordpress\/logistik\/wp-content\/uploads\/2023\/04\/service_1_4.jpg\" alt=\"service_1_4\"  \/>\t\t\t\t\t\t<\/div>\r\n\t\t\t\t\t\t<div class=\"service-box_content th-box\" data-bg-src=\"https:\/\/themeholy.com\/wordpress\/logistik\/wp-content\/uploads\/2023\/04\/pattern_1_1.svg\">\r\n\t\t\t\t\t\t\t<div class=\"service-box_icon\">\r\n\t\t\t\t\t\t\t\t<img decoding=\"async\" src=\"https:\/\/themeholy.com\/wordpress\/logistik\/wp-content\/uploads\/2023\/04\/service_2_1.svg\" alt=\"service_2_1\"  \/>\t\t\t\t\t\t\t<\/div>\r\n\t\t\t\t\t\t\t<h3 class=\"box-title th-title\"><a href=\"#\">Shipping aereo<\/a><\/h3>\r\n\t\t\t\t\t\t\t<p class=\"service-box_text th-desc\">Air shipments fast, with tracking in real-time and load-insured<\/p>\r\n\t\t\t\t\t\t\t<a href=\"#\" class=\"line-btn\">See more<i class=\"fa-solid fa-arrow-right\"><\/i><\/a>\r\n\t\t\t\t\t\t<\/div>\r\n\t\t\t\t\t<\/div>\r\n\t\t\t\t<\/div>\r\n\t\t\t\t\t\t\t\t<div class=\"col-md-6 col-lg-6 col-xl-4\">\r\n\t\t\t\t\t<div class=\"service-box th-wrap\">\r\n\t\t\t\t\t\t<div class=\"service-box_img\">\r\n\t\t\t\t\t\t\t<img decoding=\"async\" src=\"https:\/\/cyfworldcargo.com\/wp-content\/uploads\/2023\/06\/blog-s-1-2.jpg\" alt=\"blog s 1 2\"  \/>\t\t\t\t\t\t<\/div>\r\n\t\t\t\t\t\t<div class=\"service-box_content th-box\" data-bg-src=\"https:\/\/themeholy.com\/wordpress\/logistik\/wp-content\/uploads\/2023\/04\/pattern_1_1.svg\">\r\n\t\t\t\t\t\t\t<div class=\"service-box_icon\">\r\n\t\t\t\t\t\t\t\t<img decoding=\"async\" src=\"https:\/\/cyfworldcargo.com\/wp-content\/uploads\/2023\/06\/service_1_5.svg\" alt=\"service_1_5\"  \/>\t\t\t\t\t\t\t<\/div>\r\n\t\t\t\t\t\t\t<h3 class=\"box-title th-title\"><a href=\"#\">Shipping maritimo<\/a><\/h3>\r\n\t\t\t\t\t\t\t<p class=\"service-box_text th-desc\">Your cargo is insured from the port to your delivery, follow-up at all times<\/p>\r\n\t\t\t\t\t\t\t<a href=\"#\" class=\"line-btn\">See more<i class=\"fa-solid fa-arrow-right\"><\/i><\/a>\r\n\t\t\t\t\t\t<\/div>\r\n\t\t\t\t\t<\/div>\r\n\t\t\t\t<\/div>\r\n\t\t\t\t\t\t\t\t<div class=\"col-md-6 col-lg-6 col-xl-4\">\r\n\t\t\t\t\t<div class=\"service-box th-wrap\">\r\n\t\t\t\t\t\t<div class=\"service-box_img\">\r\n\t\t\t\t\t\t\t<img decoding=\"async\" src=\"https:\/\/themeholy.com\/wordpress\/logistik\/wp-content\/uploads\/2023\/04\/service_1_1.jpg\" alt=\"service_1_1\"  \/>\t\t\t\t\t\t<\/div>\r\n\t\t\t\t\t\t<div class=\"service-box_content th-box\" data-bg-src=\"https:\/\/themeholy.com\/wordpress\/logistik\/wp-content\/uploads\/2023\/04\/pattern_1_1.svg\">\r\n\t\t\t\t\t\t\t<div class=\"service-box_icon\">\r\n\t\t\t\t\t\t\t\t<img decoding=\"async\" src=\"https:\/\/themeholy.com\/wordpress\/logistik\/wp-content\/uploads\/2023\/04\/service_1_1.svg\" alt=\"service_1_1\"  \/>\t\t\t\t\t\t\t<\/div>\r\n\t\t\t\t\t\t\t<h3 class=\"box-title th-title\"><a href=\"#\">Ground shipping<\/a><\/h3>\r\n\t\t\t\t\t\t\t<p class=\"service-box_text th-desc\">We take your cargo via land, we take care of the entire logistics process<\/p>\r\n\t\t\t\t\t\t\t<a href=\"#\" class=\"line-btn\">See more<i class=\"fa-solid fa-arrow-right\"><\/i><\/a>\r\n\t\t\t\t\t\t<\/div>\r\n\t\t\t\t\t<\/div>\r\n\t\t\t\t<\/div>\r\n\t\t\t\t\t\t\t<\/div>\r\n\r\n      \t\t<\/div>\n\t\t\t\t<\/div>\n\t\t\t\t\t<\/div>\n\t\t<\/div>\n\t\t\t\t\t\t\t<\/div>\n\t\t<\/section>\n\t\t\t\t<section class=\"elementor-section elementor-top-section elementor-element elementor-element-aebec32 elementor-section-full_width elementor-section-height-default elementor-section-height-default\" data-id=\"aebec32\" data-element_type=\"section\">\n\t\t\t\t\t\t<div class=\"elementor-container elementor-column-gap-no\">\n\t\t\t\t\t<div class=\"elementor-column elementor-col-100 elementor-top-column elementor-element elementor-element-cedc23e\" data-id=\"cedc23e\" data-element_type=\"column\">\n\t\t\t<div class=\"elementor-widget-wrap elementor-element-populated\">\n\t\t\t\t\t\t\t\t<div class=\"elementor-element elementor-element-9148b7e elementor-widget elementor-widget-logistikrequestquote\" data-id=\"9148b7e\" data-element_type=\"widget\" data-widget_type=\"logistikrequestquote.default\">\n\t\t\t\t<div class=\"elementor-widget-container\">\n\t\t\t\r\n        \t    <div class=\"video-area th-bg bg-title space-top\" data-bg-src=\"\">\r\n            <div class=\"container\">\r\n                <div class=\"row\">\r\n                    <div class=\"col-lg-6\">\r\n                        <div class=\"title-area\">\r\n                            <span class=\"sub-title th-sub\">\r\n                            <img decoding=\"async\" src=\"https:\/\/themeholy.com\/wordpress\/logistik\/wp-content\/uploads\/2023\/04\/title_left.svg\" alt=\"title_left\"  \/>contact now                            <\/span>\r\n                            <h2 class=\"sec-title text-white th-title\">We reinvented the way of serving\n<\/h2>\r\n                        <\/div>\r\n                        <div class=\"request-quote-wrapper\">\r\n                            <div class=\"nav nav-tabs request-quote-tabs\" id=\"nav-tab\" role=\"tablist\">\r\n                                                                <button class=\"nav-link active\" id=\"nav-step1-tab\" data-bs-toggle=\"tab\" data-bs-target=\"#nav-step1\" type=\"button\">Request a quote<\/button>\r\n                                                            <\/div>\r\n                            <div class=\"tab-content\" id=\"nav-tabContent\">\r\n                                                                <div class=\"tab-pane fade  active show\" id=\"nav-step1\" role=\"tabpanel\">\r\n                                    <div class=\"themeholy-request-form\">\r\n                                    \n<div class=\"wpcf7 no-js\" id=\"wpcf7-f1531-o1\" lang=\"en-US\" dir=\"ltr\">\n<div class=\"screen-reader-response\"><p role=\"status\" aria-live=\"polite\" aria-atomic=\"true\"><\/p> <ul><\/ul><\/div>\n<form action=\"\/en\/wp-json\/wp\/v2\/pages\/2219#wpcf7-f1531-o1\" method=\"post\" class=\"wpcf7-form init\" aria-label=\"Contact form\" novalidate=\"novalidate\" data-status=\"init\" data-trp-original-action=\"\/en\/wp-json\/wp\/v2\/pages\/2219#wpcf7-f1531-o1\">\n<div style=\"display: none;\">\n<input type=\"hidden\" name=\"_wpcf7\" value=\"1531\" \/>\n<input type=\"hidden\" name=\"_wpcf7_version\" value=\"5.8.2\" \/>\n<input type=\"hidden\" name=\"_wpcf7_locale\" value=\"en_US\" \/>\n<input type=\"hidden\" name=\"_wpcf7_unit_tag\" value=\"wpcf7-f1531-o1\" \/>\n<input type=\"hidden\" name=\"_wpcf7_container_post\" value=\"0\" \/>\n<input type=\"hidden\" name=\"_wpcf7_posted_data_hash\" value=\"\" \/>\n<\/div>\n<div class=\"row\">\n\t<div class=\"form-group col-md-6\">\n<span class=\"wpcf7-form-control-wrap\" data-name=\"name312\"><input size=\"40\" class=\"wpcf7-form-control wpcf7-text wpcf7-validates-as-required form-control\" id=\"name312\" aria-required=\"true\" aria-invalid=\"false\" placeholder=\"Name\" value=\"\" type=\"text\" name=\"name312\" \/><\/span>\n<i class=\"fal fa-user\"><\/i>\n\t<\/div>\n\t<div class=\"form-group col-md-6\">\n<span class=\"wpcf7-form-control-wrap\" data-name=\"email412\"><input size=\"40\" class=\"wpcf7-form-control wpcf7-email wpcf7-validates-as-required wpcf7-text wpcf7-validates-as-email form-control\" id=\"email412\" aria-required=\"true\" aria-invalid=\"false\" placeholder=\"Email\" value=\"\" type=\"email\" name=\"email412\" \/><\/span>\n<i class=\"fal fa-envelope\"><\/i>\n\t<\/div>\n\t<div class=\"form-group col-12\">\n<span class=\"wpcf7-form-control-wrap\" data-name=\"name75\"><input size=\"40\" class=\"wpcf7-form-control wpcf7-text wpcf7-validates-as-required form-control\" id=\"name75\" aria-required=\"true\" aria-invalid=\"false\" placeholder=\"Phone\" value=\"\" type=\"text\" name=\"name75\" \/><\/span>\n<i class=\"fa-regular fa-phone\"><\/i>\n\t<\/div>\n\t<div class=\"form-group col-12\">\n\t\t<i class=\"fa-regular fa-comments\"><\/i>\n<span class=\"wpcf7-form-control-wrap\" data-name=\"textarea-85\"><textarea cols=\"40\" rows=\"10\" class=\"wpcf7-form-control wpcf7-textarea wpcf7-validates-as-required form-control style3\" id=\"textarea-85\" aria-required=\"true\" aria-invalid=\"false\" placeholder=\"Message\" name=\"textarea-85\"><\/textarea><\/span>\n\t<\/div>\n\t<div class=\"btn-group justify-content-center\">\n\t\t<button class=\"themeholy-btn th-btn btn-fw justify-content-center wpcf7\">Send<span class=\"icon\"><i class=\"fa-sharp fa-regular fa-paper-plane\"><\/i><\/span><\/button>\n\t<\/div>\n<\/div>\n<p class=\"form-messages mb-0 mt-3\"><\/p><div class=\"wpcf7-response-output\" aria-hidden=\"true\"><\/div>\n<input type=\"hidden\" name=\"trp-form-language\" value=\"en\"\/><\/form>\n<\/div>\n                                    <\/div>\r\n                                <\/div>\r\n                                                            <\/div>\r\n                        <\/div>\r\n                    <\/div>\r\n                    <div class=\"col-lg-6\">\r\n                        <div class=\"video-box1\" data-bg-src=\"https:\/\/themeholy.com\/wordpress\/logistik\/wp-content\/uploads\/2023\/04\/video_1.jpg\">\r\n                            <img decoding=\"async\" src=\"https:\/\/themeholy.com\/wordpress\/logistik\/wp-content\/uploads\/2023\/04\/video_1.jpg\" alt=\"video_1\"  \/>                            <a href=\"\" class=\"video-play-btn popup-video\">\r\n                                <i class=\"fa-sharp fa-solid fa-play\"><\/i><\/a>\r\n                        <\/div>\r\n                    <\/div>\r\n                <\/div>\r\n            <\/div>\r\n        <\/div>\r\n\t    \t\t<\/div>\n\t\t\t\t<\/div>\n\t\t\t\t\t<\/div>\n\t\t<\/div>\n\t\t\t\t\t\t\t<\/div>\n\t\t<\/section>\n\t\t\t\t\t\t\t<\/div>","protected":false},"excerpt":{"rendered":"<p>EL MEJOR SERVICIO DE CARGA POR AIRE env\u00edos aereos CONTACTAR 0 0 3500+ Env\u00edos realizados env\u00edos aereos El mejor servicio de env\u00edos a\u00e9reos Nos encargamos re realizar tu operaci\u00f3n log\u00edstica por aire, deja tu envi\u00f3 en manos de profesionales y no cometas errores. Con nosotros tu carga siempre est\u00e1 segura y podr\u00e1s realizar seguimiento en&#8230;<\/p>","protected":false},"author":1,"featured_media":0,"parent":0,"menu_order":0,"comment_status":"closed","ping_status":"closed","template":"template-builder.php","meta":{"footnotes":""},"_links":{"self":[{"href":"https:\/\/cyfworldcargo.com\/en\/wp-json\/wp\/v2\/pages\/2219"}],"collection":[{"href":"https:\/\/cyfworldcargo.com\/en\/wp-json\/wp\/v2\/pages"}],"about":[{"href":"https:\/\/cyfworldcargo.com\/en\/wp-json\/wp\/v2\/types\/page"}],"author":[{"embeddable":true,"href":"https:\/\/cyfworldcargo.com\/en\/wp-json\/wp\/v2\/users\/1"}],"replies":[{"embeddable":true,"href":"https:\/\/cyfworldcargo.com\/en\/wp-json\/wp\/v2\/comments?post=2219"}],"version-history":[{"count":59,"href":"https:\/\/cyfworldcargo.com\/en\/wp-json\/wp\/v2\/pages\/2219\/revisions"}],"predecessor-version":[{"id":2608,"href":"https:\/\/cyfworldcargo.com\/en\/wp-json\/wp\/v2\/pages\/2219\/revisions\/2608"}],"wp:attachment":[{"href":"https:\/\/cyfworldcargo.com\/en\/wp-json\/wp\/v2\/media?parent=2219"}],"curies":[{"name":"wp","href":"https:\/\/api.w.org\/{rel}","templated":true}]}}