
{"id":2218,"date":"2023-04-11T02:59:01","date_gmt":"2023-04-11T02:59:01","guid":{"rendered":"https:\/\/themeholy.com\/wordpress\/logistik\/?page_id=14"},"modified":"2023-12-19T21:40:58","modified_gmt":"2023-12-19T20:40:58","slug":"envio-terresre","status":"publish","type":"page","link":"https:\/\/cyfworldcargo.com\/en\/envio-terresre\/","title":{"rendered":"ENV\u00cdO TERRESRE"},"content":{"rendered":"<div data-elementor-type=\"wp-page\" data-elementor-id=\"2218\" class=\"elementor elementor-2218\">\n\t\t\t\t\t\t\t\t\t<section class=\"elementor-section elementor-top-section elementor-element elementor-element-b2e621a elementor-section-full_width elementor-section-height-default elementor-section-height-default\" data-id=\"b2e621a\" data-element_type=\"section\">\n\t\t\t\t\t\t<div class=\"elementor-container elementor-column-gap-no\">\n\t\t\t\t\t<div class=\"elementor-column elementor-col-100 elementor-top-column elementor-element elementor-element-9b54252\" data-id=\"9b54252\" data-element_type=\"column\">\n\t\t\t<div class=\"elementor-widget-wrap elementor-element-populated\">\n\t\t\t\t\t\t\t\t<div class=\"elementor-element elementor-element-77b572b elementor-widget elementor-widget-logistikbanner\" data-id=\"77b572b\" data-element_type=\"widget\" data-widget_type=\"logistikbanner.default\">\n\t\t\t\t<div class=\"elementor-widget-container\">\n\t\t\t\t\t<div class=\"themeholy-hero-wrapper hero-2\" id=\"hero\">\r\n        <div class=\"hero-slider-wrap-2\">\r\n            <div class=\"hero-slider-2 number-dots themeholy-carousel\" id=\"heroSlide1\" data-fade=\"true\" data-slide-show=\"1\" data-md-slide-show=\"1\" data-arrows=\"true\">\r\n\t\t\t\t                <div class=\"themeholy-hero-slide\">\r\n                    <div class=\"themeholy-hero-bg\" data-bg-src=\"https:\/\/cyfworldcargo.com\/wp-content\/uploads\/2023\/04\/project_4_1.jpg\">\r\n                        <div class=\"hero-shape\"> \r\n\t\t\t\t\t\t\t<img decoding=\"async\" src=\"https:\/\/themeholy.com\/wordpress\/logistik\/wp-content\/uploads\/2023\/04\/hero_shape_2.png\" alt=\"hero_shape_2\"  \/>\t\t\t\t\t\t\t\r\n\t\t\t\t\t\t<\/div>\r\n                    <\/div>\r\n                    <div class=\"container\">\r\n                        <div class=\"hero-style2\">\r\n                            <span class=\"hero-subtitle th-sub\">\r\n\t\t\t\t\t\t\t\t<img decoding=\"async\" src=\"https:\/\/themeholy.com\/wordpress\/logistik\/wp-content\/uploads\/2023\/04\/title_left.svg\" alt=\"title_left\"  \/>\t\t\t\t\t\t\tSHIPPING TERRESRE COST-EFFECTIVE\t\t\t\t\t\t\t<\/span>\r\n                            <h1 class=\"hero-title th-title\">We provide the \n<span class=\"hero-title\">best services<\/span><\/h1>\r\n                            <div class=\"btn-group mt-30\"><a href=\"https:\/\/cyfworldcargo.com\/en\/contacto\/\" class=\"themeholy-btn blue-btn th_btn\">contact<span class=\"icon\"><i class=\"fa-sharp fa-regular fa-paper-plane\"><\/i><\/span><\/a>\r\n                            <\/div>\r\n                        <\/div>\r\n                    <\/div>\r\n                <\/div>\r\n\t\t\t\t            <\/div>\r\n        <\/div>\r\n        <div class=\"hero-indicator-wrapp\">\r\n            <div class=\"hero-indicator\" data-asnavfor=\".hero-slider-2\">\r\n\t\t\t\t                \t<a class=\"indicatior-btn active\">\r\n\t\t\t\t\t\t<img decoding=\"async\" src=\"https:\/\/cyfworldcargo.com\/wp-content\/uploads\/2023\/04\/project_4_1.jpg\" alt=\"project_4_1\"  \/>\t\t\t\t\t<\/a>\r\n\t\t\t\t            <\/div>\r\n        <\/div>\r\n    <\/div>\r\n\r\n\t\t\t<\/div>\n\t\t\t\t<\/div>\n\t\t\t\t\t<\/div>\n\t\t<\/div>\n\t\t\t\t\t\t\t<\/div>\n\t\t<\/section>\n\t\t\t\t<section class=\"elementor-section elementor-top-section elementor-element elementor-element-78da1ba elementor-section-boxed elementor-section-height-default elementor-section-height-default\" data-id=\"78da1ba\" data-element_type=\"section\">\n\t\t\t\t\t\t<div class=\"elementor-container elementor-column-gap-no\">\n\t\t\t\t\t<div class=\"elementor-column elementor-col-100 elementor-top-column elementor-element elementor-element-307c912\" data-id=\"307c912\" data-element_type=\"column\">\n\t\t\t<div class=\"elementor-widget-wrap elementor-element-populated\">\n\t\t\t\t\t\t\t\t<div class=\"elementor-element elementor-element-47f7081 elementor-widget elementor-widget-logistiksectiontitle\" data-id=\"47f7081\" data-element_type=\"widget\" data-widget_type=\"logistiksectiontitle.default\">\n\t\t\t\t<div class=\"elementor-widget-container\">\n\t\t\t\t\t<div class=\"title-area\">\r\n\t\t\t\t \t\t\t<span class=\"sub-title th-sub\">\r\n\t\t\t\t\t<img decoding=\"async\" src=\"https:\/\/themeholy.com\/wordpress\/logistik\/wp-content\/uploads\/2023\/04\/title_left.svg\" alt=\"title_left\"  \/>The Best in the industry\r\n\t \t\t\t<\/span>\r\n \t\t\t\t\t\t\r\n\t\t\t<h2 class=\"sec-title th-title\">Logistics services specialist<\/h2>\t\t<\/div>\r\n\r\n\t\t\t<\/div>\n\t\t\t\t<\/div>\n\t\t\t\t<div class=\"elementor-element elementor-element-f21e510 elementor-widget elementor-widget-logistikservice\" data-id=\"f21e510\" data-element_type=\"widget\" data-widget_type=\"logistikservice.default\">\n\t\t\t\t<div class=\"elementor-widget-container\">\n\t\t\t\r\n        \t\t\t<div class=\"row slider-shadow themeholy-carousel arrow-wrap\" data-slide-show=\"4\" data-xl-slide-show=\"3\" data-lg-slide-show=\"3\" data-md-slide-show=\"2\" data-sm-slide-show=\"1\" data-xs-slide-show=\"1\" data-arrows=\"true\">\r\n\t\t\t\t\t\t\t\t<div class=\"col-md-6 col-lg-4 col-xl-4\">\r\n\t\t\t\t\t<div class=\"service-card th-wrap\">\r\n\t\t\t\t\t\t<div class=\"service-card_img\">\r\n\t\t\t\t\t\t\t<img decoding=\"async\" src=\"https:\/\/themeholy.com\/wordpress\/logistik\/wp-content\/uploads\/2023\/04\/service_2_1.jpg\" alt=\"service_2_1\"  \/>\t\t\t\t\t\t<\/div>\r\n\t\t\t\t\t\t<div class=\"service-card_wrapper\">\r\n\t\t\t\t\t\t\t<div class=\"service-card_content th-box\" data-bg-src=\"https:\/\/themeholy.com\/wordpress\/logistik\/wp-content\/uploads\/2023\/04\/pattern_1_1.svg\">\r\n\t\t\t\t\t\t\t\t<div class=\"service-card_icon\">\r\n\t\t\t\t\t\t\t\t\t<img decoding=\"async\" src=\"https:\/\/themeholy.com\/wordpress\/logistik\/wp-content\/uploads\/2023\/04\/service_2_1.svg\" alt=\"service_2_1\"  \/>\t\t\t\t\t\t\t\t<\/div>\r\n\t\t\t\t\t\t\t\t<h3 class=\"service-card_title th-title\"><a href=\"\">Air Transport<\/a><\/h3>\r\n\t\t\t\t\t\t\t\t<p class=\"service-card_desc th-desc\">The air transport can be used for a wide variety of goods.<\/p>\r\n\t\t\t\t\t\t\t<\/div>\r\n\t\t\t\t\t\t\t<div class=\"share-option\">\r\n\t\t\t\t\t\t\t\t<div class=\"share-link\">\r\n\t\t\t\t\t\t\t\t\t<i class=\"fa-sharp fa-regular fa-arrow-up\"><\/i>\r\n\t\t\t\t\t\t\t\t<\/div>\r\n\t\t\t\t\t\t\t\t<div class=\"team-social2\">\r\n\t\t\t\t\t\t\t\t\t<div class=\"icon-team-list\">\r\n\t\t\t\t\t\t\t\t\t\t<a href=\"\" class=\"ser-icon\"><\/p>\r\n\t\t\t\t\t\t\t\t\t\t<\/a>\r\n\t\t\t\t\t\t\t\t\t<\/div>\r\n\t\t\t\t\t\t\t\t<\/div>\r\n\t\t\t\t\t\t\t<\/div>\r\n\t\t\t\t\t\t<\/div>\r\n\t\t\t\t\t<\/div>\r\n\t\t\t\t<\/div>\r\n\t\t\t\t\t\t\t\t<div class=\"col-md-6 col-lg-4 col-xl-4\">\r\n\t\t\t\t\t<div class=\"service-card th-wrap\">\r\n\t\t\t\t\t\t<div class=\"service-card_img\">\r\n\t\t\t\t\t\t\t<img decoding=\"async\" src=\"https:\/\/themeholy.com\/wordpress\/logistik\/wp-content\/uploads\/2023\/04\/service_2_2.jpg\" alt=\"service_2_2\"  \/>\t\t\t\t\t\t<\/div>\r\n\t\t\t\t\t\t<div class=\"service-card_wrapper\">\r\n\t\t\t\t\t\t\t<div class=\"service-card_content th-box\" data-bg-src=\"https:\/\/themeholy.com\/wordpress\/logistik\/wp-content\/uploads\/2023\/04\/pattern_1_1.svg\">\r\n\t\t\t\t\t\t\t\t<div class=\"service-card_icon\">\r\n\t\t\t\t\t\t\t\t\t<img decoding=\"async\" src=\"https:\/\/themeholy.com\/wordpress\/logistik\/wp-content\/uploads\/2023\/04\/service_2_2.svg\" alt=\"service_2_2\"  \/>\t\t\t\t\t\t\t\t<\/div>\r\n\t\t\t\t\t\t\t\t<h3 class=\"service-card_title th-title\"><a href=\"\">Road transport<\/a><\/h3>\r\n\t\t\t\t\t\t\t\t<p class=\"service-card_desc th-desc\">Road transport can be performed in various ways and be profitable.<\/p>\r\n\t\t\t\t\t\t\t<\/div>\r\n\t\t\t\t\t\t\t<div class=\"share-option\">\r\n\t\t\t\t\t\t\t\t<div class=\"share-link\">\r\n\t\t\t\t\t\t\t\t\t<i class=\"fa-sharp fa-regular fa-arrow-up\"><\/i>\r\n\t\t\t\t\t\t\t\t<\/div>\r\n\t\t\t\t\t\t\t\t<div class=\"team-social2\">\r\n\t\t\t\t\t\t\t\t\t<div class=\"icon-team-list\">\r\n\t\t\t\t\t\t\t\t\t\t<a href=\"\" class=\"ser-icon\"><\/p>\r\n\t\t\t\t\t\t\t\t\t\t<\/a>\r\n\t\t\t\t\t\t\t\t\t<\/div>\r\n\t\t\t\t\t\t\t\t<\/div>\r\n\t\t\t\t\t\t\t<\/div>\r\n\t\t\t\t\t\t<\/div>\r\n\t\t\t\t\t<\/div>\r\n\t\t\t\t<\/div>\r\n\t\t\t\t\t\t\t\t<div class=\"col-md-6 col-lg-4 col-xl-4\">\r\n\t\t\t\t\t<div class=\"service-card th-wrap\">\r\n\t\t\t\t\t\t<div class=\"service-card_img\">\r\n\t\t\t\t\t\t\t<img decoding=\"async\" src=\"https:\/\/themeholy.com\/wordpress\/logistik\/wp-content\/uploads\/2023\/04\/service_2_3.jpg\" alt=\"service_2_3\"  \/>\t\t\t\t\t\t<\/div>\r\n\t\t\t\t\t\t<div class=\"service-card_wrapper\">\r\n\t\t\t\t\t\t\t<div class=\"service-card_content th-box\" data-bg-src=\"https:\/\/themeholy.com\/wordpress\/logistik\/wp-content\/uploads\/2023\/04\/pattern_1_1.svg\">\r\n\t\t\t\t\t\t\t\t<div class=\"service-card_icon\">\r\n\t\t\t\t\t\t\t\t\t<img decoding=\"async\" src=\"https:\/\/themeholy.com\/wordpress\/logistik\/wp-content\/uploads\/2023\/04\/service_2_3.svg\" alt=\"service_2_3\"  \/>\t\t\t\t\t\t\t\t<\/div>\r\n\t\t\t\t\t\t\t\t<h3 class=\"service-card_title th-title\"><a href=\"https:\/\/themeholy.com\/wordpress\/logistik\/service-details\/\">Marine cargo\n<\/a><\/h3>\r\n\t\t\t\t\t\t\t\t<p class=\"service-card_desc th-desc\">The maritime transport ensures an excellent cost-benefit.<\/p>\r\n\t\t\t\t\t\t\t<\/div>\r\n\t\t\t\t\t\t\t<div class=\"share-option\">\r\n\t\t\t\t\t\t\t\t<div class=\"share-link\">\r\n\t\t\t\t\t\t\t\t\t<i class=\"fa-sharp fa-regular fa-arrow-up\"><\/i>\r\n\t\t\t\t\t\t\t\t<\/div>\r\n\t\t\t\t\t\t\t\t<div class=\"team-social2\">\r\n\t\t\t\t\t\t\t\t\t<div class=\"icon-team-list\">\r\n\t\t\t\t\t\t\t\t\t\t<a href=\"https:\/\/themeholy.com\/wordpress\/logistik\/service-details\/\" class=\"ser-icon\"><i class=\"fa-sharp fa-regular fa-arrow-up\"><\/i><p class=\"ser-title\"> Read more<\/p>\r\n\t\t\t\t\t\t\t\t\t\t<\/a>\r\n\t\t\t\t\t\t\t\t\t<\/div>\r\n\t\t\t\t\t\t\t\t<\/div>\r\n\t\t\t\t\t\t\t<\/div>\r\n\t\t\t\t\t\t<\/div>\r\n\t\t\t\t\t<\/div>\r\n\t\t\t\t<\/div>\r\n\t\t\t\t\t\t\t\t<div class=\"col-md-6 col-lg-4 col-xl-4\">\r\n\t\t\t\t\t<div class=\"service-card th-wrap\">\r\n\t\t\t\t\t\t<div class=\"service-card_img\">\r\n\t\t\t\t\t\t\t<img decoding=\"async\" src=\"https:\/\/themeholy.com\/wordpress\/logistik\/wp-content\/uploads\/2023\/04\/service_2_5.jpg\" alt=\"service_2_5\"  \/>\t\t\t\t\t\t<\/div>\r\n\t\t\t\t\t\t<div class=\"service-card_wrapper\">\r\n\t\t\t\t\t\t\t<div class=\"service-card_content th-box\" data-bg-src=\"https:\/\/themeholy.com\/wordpress\/logistik\/wp-content\/uploads\/2023\/04\/pattern_1_1.svg\">\r\n\t\t\t\t\t\t\t\t<div class=\"service-card_icon\">\r\n\t\t\t\t\t\t\t\t\t<img decoding=\"async\" src=\"https:\/\/themeholy.com\/wordpress\/logistik\/wp-content\/uploads\/2023\/04\/service_2_5.svg\" alt=\"service_2_5\"  \/>\t\t\t\t\t\t\t\t<\/div>\r\n\t\t\t\t\t\t\t\t<h3 class=\"service-card_title th-title\"><a href=\"\">Cargo truck<\/a><\/h3>\r\n\t\t\t\t\t\t\t\t<p class=\"service-card_desc th-desc\">Ideal for large volumes by road and optimize costs of the route.<\/p>\r\n\t\t\t\t\t\t\t<\/div>\r\n\t\t\t\t\t\t\t<div class=\"share-option\">\r\n\t\t\t\t\t\t\t\t<div class=\"share-link\">\r\n\t\t\t\t\t\t\t\t\t<i class=\"fa-sharp fa-regular fa-arrow-up\"><\/i>\r\n\t\t\t\t\t\t\t\t<\/div>\r\n\t\t\t\t\t\t\t\t<div class=\"team-social2\">\r\n\t\t\t\t\t\t\t\t\t<div class=\"icon-team-list\">\r\n\t\t\t\t\t\t\t\t\t\t<a href=\"\" class=\"ser-icon\"><\/p>\r\n\t\t\t\t\t\t\t\t\t\t<\/a>\r\n\t\t\t\t\t\t\t\t\t<\/div>\r\n\t\t\t\t\t\t\t\t<\/div>\r\n\t\t\t\t\t\t\t<\/div>\r\n\t\t\t\t\t\t<\/div>\r\n\t\t\t\t\t<\/div>\r\n\t\t\t\t<\/div>\r\n\t\t\t\t\t\t\t<\/div>\r\n\r\n\t\t\t\t<\/div>\n\t\t\t\t<\/div>\n\t\t\t\t\t<\/div>\n\t\t<\/div>\n\t\t\t\t\t\t\t<\/div>\n\t\t<\/section>\n\t\t\t\t<section class=\"elementor-section elementor-top-section elementor-element elementor-element-f411807 elementor-section-boxed elementor-section-height-default elementor-section-height-default\" data-id=\"f411807\" data-element_type=\"section\" data-settings=\"{&quot;background_background&quot;:&quot;classic&quot;}\">\n\t\t\t\t\t\t<div class=\"elementor-container elementor-column-gap-no\">\n\t\t\t\t\t<div class=\"elementor-column elementor-col-50 elementor-top-column elementor-element elementor-element-2ca1f42\" data-id=\"2ca1f42\" data-element_type=\"column\">\n\t\t\t<div class=\"elementor-widget-wrap elementor-element-populated\">\n\t\t\t\t\t\t\t\t<div class=\"elementor-element elementor-element-e9d5406 elementor-widget elementor-widget-logistikimage\" data-id=\"e9d5406\" data-element_type=\"widget\" data-widget_type=\"logistikimage.default\">\n\t\t\t\t<div class=\"elementor-widget-container\">\n\t\t\t\r\n\t\t\t\t\t<div class=\"img-box3 style2\">\r\n\t\t\t\t<div class=\"img1 th-img\">\r\n\t\t\t\t\t<img decoding=\"async\" src=\"https:\/\/themeholy.com\/wordpress\/logistik\/wp-content\/uploads\/2023\/04\/about_2.png\" alt=\"about_2\"  \/>\t\t\t\t<\/div>\r\n\t\t\t\t<div class=\"about-counter1\">\r\n\t\t\t\t\t<h3 class=\"counter-title th-title\"><span class=\"counter-number\">24<\/span>+<\/h3>\r\n\t\t\t\t\t<span class=\"counter-text th-desc\">Years Working Experience<\/span>\r\n\t\t\t\t<\/div>\r\n\t\t\t<\/div>\r\n\r\n\t\t\t\t<\/div>\n\t\t\t\t<\/div>\n\t\t\t\t\t<\/div>\n\t\t<\/div>\n\t\t\t\t<div class=\"elementor-column elementor-col-50 elementor-top-column elementor-element elementor-element-09efc79\" data-id=\"09efc79\" data-element_type=\"column\">\n\t\t\t<div class=\"elementor-widget-wrap elementor-element-populated\">\n\t\t\t\t\t\t\t\t<div class=\"elementor-element elementor-element-6f447f1 elementor-widget elementor-widget-logistiksectiontitle\" data-id=\"6f447f1\" data-element_type=\"widget\" data-widget_type=\"logistiksectiontitle.default\">\n\t\t\t\t<div class=\"elementor-widget-container\">\n\t\t\t\t\t<div class=\"title-area\">\r\n\t\t\t\t \t\t\t<span class=\"sub-title th-sub\">\r\n\t\t\t\t\t<img decoding=\"async\" src=\"https:\/\/themeholy.com\/wordpress\/logistik\/wp-content\/uploads\/2023\/04\/title_left.svg\" alt=\"title_left\"  \/>About us\r\n\t \t\t\t<\/span>\r\n \t\t\t\t\t\t\r\n\t\t\t<h2 class=\"sec-title th-title\">Shipping that exceeds expectations.<\/h2><p class=\"th-desc\">The shipment that exceeds the expectations refers to the process of delivering products to the clients in a manner that exceeds their initial expectations. This may include a variety of factors and in CYF we have them in mind at all times.<\/p>\t\t<\/div>\r\n\r\n\t\t\t<\/div>\n\t\t\t\t<\/div>\n\t\t\t\t<div class=\"elementor-element elementor-element-99abaff elementor-widget elementor-widget-logistikvideo\" data-id=\"99abaff\" data-element_type=\"widget\" data-widget_type=\"logistikvideo.default\">\n\t\t\t\t<div class=\"elementor-widget-container\">\n\t\t\t        \t\t<div class=\"about-wrapper th-bg\">\r\n\t\t\t<div class=\"about-image\">\r\n\t\t\t\t<img decoding=\"async\" src=\"https:\/\/themeholy.com\/wordpress\/logistik\/wp-content\/uploads\/2023\/04\/video_3.jpg\" alt=\"video_3\"  \/>\t\t\t\t<a href=\"\" class=\"white-play-btn popup-video\"><i class=\"fa-sharp fa-solid fa-play\"><\/i><\/a>\r\n\t\t\t<\/div>\r\n\t\t\t<div class=\"checklist th-title\">\r\n\t\t\t\t<ul><li><span class=\"Y2IQFc\" lang=\"es\">Warehouse management<\/span><\/li><li><span class=\"Y2IQFc\" lang=\"es\">Seamless integration <\/span><\/li><li><span class=\"Y2IQFc\" lang=\"es\">Management of the supply chain <\/span><\/li><\/ul>\t\t\t<\/div>\r\n\t\t<\/div>\r\n\r\n        \t\t<\/div>\n\t\t\t\t<\/div>\n\t\t\t\t\t<\/div>\n\t\t<\/div>\n\t\t\t\t\t\t\t<\/div>\n\t\t<\/section>\n\t\t\t\t<section class=\"elementor-section elementor-top-section elementor-element elementor-element-f3dd8c5 elementor-section-full_width elementor-section-height-default elementor-section-height-default\" data-id=\"f3dd8c5\" data-element_type=\"section\" data-settings=\"{&quot;background_background&quot;:&quot;classic&quot;}\">\n\t\t\t\t\t\t<div class=\"elementor-container elementor-column-gap-no\">\n\t\t\t\t\t<div class=\"elementor-column elementor-col-100 elementor-top-column elementor-element elementor-element-e3aa7ba\" data-id=\"e3aa7ba\" data-element_type=\"column\">\n\t\t\t<div class=\"elementor-widget-wrap elementor-element-populated\">\n\t\t\t\t\t\t\t\t<div class=\"elementor-element elementor-element-1b27637 elementor-widget-tablet__width-initial elementor-widget elementor-widget-logistikshapeimage\" data-id=\"1b27637\" data-element_type=\"widget\" data-widget_type=\"logistikshapeimage.default\">\n\t\t\t\t<div class=\"elementor-widget-container\">\n\t\t\t<!-- Image --><div class=\"shape-mockup\" data-top=\"0.1%\" data-right=\"0.1%\"><img decoding=\"async\" src=\"https:\/\/themeholy.com\/wordpress\/logistik\/wp-content\/uploads\/2023\/04\/choose_shape.jpg\" alt=\"CYF Worldcargo\" ><\/div><!-- End Image -->\t\t<\/div>\n\t\t\t\t<\/div>\n\t\t\t\t<section class=\"elementor-section elementor-inner-section elementor-element elementor-element-14e6034 elementor-section-content-bottom elementor-section-boxed elementor-section-height-default elementor-section-height-default\" data-id=\"14e6034\" data-element_type=\"section\">\n\t\t\t\t\t\t<div class=\"elementor-container elementor-column-gap-no\">\n\t\t\t\t\t<div class=\"elementor-column elementor-col-50 elementor-inner-column elementor-element elementor-element-35ee40e\" data-id=\"35ee40e\" data-element_type=\"column\">\n\t\t\t<div class=\"elementor-widget-wrap elementor-element-populated\">\n\t\t\t\t\t\t\t\t<div class=\"elementor-element elementor-element-521dd15 elementor-widget elementor-widget-logistiksectiontitle\" data-id=\"521dd15\" data-element_type=\"widget\" data-widget_type=\"logistiksectiontitle.default\">\n\t\t\t\t<div class=\"elementor-widget-container\">\n\t\t\t\t\t<div class=\"title-area\">\r\n\t\t\t\t \t\t\t<span class=\"sub-title th-sub\">\r\n\t\t\t\t\t<img decoding=\"async\" src=\"https:\/\/themeholy.com\/wordpress\/logistik\/wp-content\/uploads\/2023\/04\/title_left.svg\" alt=\"title_left\"  \/>WHY CHOOSE US\r\n\t \t\t\t<\/span>\r\n \t\t\t\t\t\t\r\n\t\t\t<h2 class=\"sec-title th-title\">We provide customers with the best logistics services\n<\/h2>\t\t<\/div>\r\n\r\n\t\t\t<\/div>\n\t\t\t\t<\/div>\n\t\t\t\t<div class=\"elementor-element elementor-element-0ad0635 elementor-widget elementor-widget-logistikinfobox\" data-id=\"0ad0635\" data-element_type=\"widget\" data-widget_type=\"logistikinfobox.default\">\n\t\t\t\t<div class=\"elementor-widget-container\">\n\t\t\t\r\n        \t\t\t<div class=\"choose-about-wra\">\r\n\t\t\t\t\t\t\t\t<div class=\"choose-about\">\r\n\t\t\t\t\t\t\t\t\t\t<div class=\"choose-about_icon\">\r\n\t\t\t\t\t\t<img decoding=\"async\" src=\"https:\/\/themeholy.com\/wordpress\/logistik\/wp-content\/uploads\/2023\/04\/location_4.svg\" alt=\"location_4\"  \/>\t\t\t\t\t<\/div>\r\n\t\t\t\t\t\t\t\t\t\t<div class=\"media-body\">\r\n\t\t\t\t\t\t<h3 class=\"choose-about_title th-title\">Real-time tracking\n<\/h3>\r\n\t\t\t\t\t\t<p class=\"choose-about_text th-desc\">Real-time tracking refers to the ability to monitor the location and status of a shipment.<\/p>\r\n\t\t\t\t\t<\/div>\r\n\t\t\t\t<\/div>\r\n\t\t\t\t\t\t\t\t<div class=\"choose-about\">\r\n\t\t\t\t\t\t\t\t\t\t<div class=\"choose-about_icon\">\r\n\t\t\t\t\t\t<img decoding=\"async\" src=\"https:\/\/themeholy.com\/wordpress\/logistik\/wp-content\/uploads\/2023\/04\/time.svg\" alt=\"time\"  \/>\t\t\t\t\t<\/div>\r\n\t\t\t\t\t\t\t\t\t\t<div class=\"media-body\">\r\n\t\t\t\t\t\t<h3 class=\"choose-about_title th-title\">Time ortos transport<\/h3>\r\n\t\t\t\t\t\t<p class=\"choose-about_text th-desc\">Our customers are always satisfied with our times of transfer of loads.<\/p>\r\n\t\t\t\t\t<\/div>\r\n\t\t\t\t<\/div>\r\n\t\t\t\t\t\t\t<\/div>\r\n\r\n\t\t\t\t<\/div>\n\t\t\t\t<\/div>\n\t\t\t\t\t<\/div>\n\t\t<\/div>\n\t\t\t\t<div class=\"elementor-column elementor-col-50 elementor-inner-column elementor-element elementor-element-6a9ecec\" data-id=\"6a9ecec\" data-element_type=\"column\">\n\t\t\t<div class=\"elementor-widget-wrap elementor-element-populated\">\n\t\t\t\t\t\t\t\t<div class=\"elementor-element elementor-element-57f05c3 elementor-widget elementor-widget-logistikimage\" data-id=\"57f05c3\" data-element_type=\"widget\" data-widget_type=\"logistikimage.default\">\n\t\t\t\t<div class=\"elementor-widget-container\">\n\t\t\t\r\n\t\t\t\t\t<div class=\"choose-image\">\r\n\t\t\t\t<div class=\"img1\">\r\n\t\t\t\t\t<img decoding=\"async\" src=\"https:\/\/themeholy.com\/wordpress\/logistik\/wp-content\/uploads\/2023\/04\/choose_1.jpg\" alt=\"choose_1\"  \/>\t\t\t\t<\/div>\r\n\t\t\t\t<div class=\"choose-counter1\">\r\n\t\t\t\t\t<span class=\"counter-text\">clients satisfied<\/span>\r\n\t\t\t\t\t<h3 class=\"counter-title\"><span class=\"counter-number\">249<\/span>k<\/h3>\r\n\t\t\t\t<\/div>\r\n\t\t\t<\/div>\r\n\r\n\t\t\t\t<\/div>\n\t\t\t\t<\/div>\n\t\t\t\t\t<\/div>\n\t\t<\/div>\n\t\t\t\t\t\t\t<\/div>\n\t\t<\/section>\n\t\t\t\t\t<\/div>\n\t\t<\/div>\n\t\t\t\t\t\t\t<\/div>\n\t\t<\/section>\n\t\t\t\t\t\t\t<\/div>","protected":false},"excerpt":{"rendered":"<p>ENV\u00cdO TERRESRE RENTABLE Brindamos los mejores servicios contactar Los Mejores en el sector Servicios log\u00edsticos especializados Transporte A\u00e9reo El transporte a\u00e9reo se puede utilizar para una amplia variedad de mercanc\u00edas. Transporte por carretera El transporte por carretera se puede realizar de diversas formas y ser rentable. Carga mar\u00edtima El transporte mar\u00edtimo asegura un excelente coste-beneficio&#8230;.<\/p>","protected":false},"author":1,"featured_media":0,"parent":0,"menu_order":0,"comment_status":"closed","ping_status":"closed","template":"template-builder.php","meta":{"footnotes":""},"_links":{"self":[{"href":"https:\/\/cyfworldcargo.com\/en\/wp-json\/wp\/v2\/pages\/2218"}],"collection":[{"href":"https:\/\/cyfworldcargo.com\/en\/wp-json\/wp\/v2\/pages"}],"about":[{"href":"https:\/\/cyfworldcargo.com\/en\/wp-json\/wp\/v2\/types\/page"}],"author":[{"embeddable":true,"href":"https:\/\/cyfworldcargo.com\/en\/wp-json\/wp\/v2\/users\/1"}],"replies":[{"embeddable":true,"href":"https:\/\/cyfworldcargo.com\/en\/wp-json\/wp\/v2\/comments?post=2218"}],"version-history":[{"count":26,"href":"https:\/\/cyfworldcargo.com\/en\/wp-json\/wp\/v2\/pages\/2218\/revisions"}],"predecessor-version":[{"id":2614,"href":"https:\/\/cyfworldcargo.com\/en\/wp-json\/wp\/v2\/pages\/2218\/revisions\/2614"}],"wp:attachment":[{"href":"https:\/\/cyfworldcargo.com\/en\/wp-json\/wp\/v2\/media?parent=2218"}],"curies":[{"name":"wp","href":"https:\/\/api.w.org\/{rel}","templated":true}]}}